{"id":20,"date":"2016-04-15T11:34:09","date_gmt":"2016-04-15T11:34:09","guid":{"rendered":"https:\/\/wordcrex.com\/?page_id=20"},"modified":"2021-01-18T10:48:20","modified_gmt":"2021-01-18T10:48:20","slug":"wordcrex-game-rules","status":"publish","type":"page","link":"https:\/\/www.wordcrex.com\/cz\/wordcrex-game-rules\/","title":{"rendered":"Pravidla hry"},"content":{"rendered":"<p><style type=\"text\/css\">\n.qtranxs_widget ul { margin: 0; }\n.qtranxs_widget ul li\n{\ndisplay: inline; \/* horizontal list, use \"list-item\" or other appropriate value for vertical list *\/\nlist-style-type: none; \/* use \"initial\" or other to enable bullets *\/\nmargin: 0 5px 0 0; \/* adjust spacing between items *\/\nopacity: 0.5;\n-o-transition: 1s ease opacity;\n-moz-transition: 1s ease opacity;\n-webkit-transition: 1s ease opacity;\ntransition: 1s ease opacity;\n}\n\/* .qtranxs_widget ul li span { margin: 0 5px 0 0; } *\/ \/* other way to control spacing *\/\n.qtranxs_widget ul li.active { opacity: 0.8; }\n.qtranxs_widget ul li:hover { opacity: 1; }\n.qtranxs_widget img { box-shadow: none; vertical-align: middle; display: initial; }\n.qtranxs_flag { height:12px; width:18px; display:block; }\n.qtranxs_flag_and_text { padding-left:20px; }\n.qtranxs_flag span { display:none; }\n<\/style>\n<div class=\"widget qtranxs_widget\">\n<ul class=\"language-chooser language-chooser-image qtranxs_language_chooser\" id=\"qtranslate--1-chooser\">\n<li class=\"lang-nl\"><a href=\"https:\/\/www.wordcrex.com\/nl\/wp-json\/wp\/v2\/pages\/20\" hreflang=\"nl\" title=\"Nederlands (nl)\" class=\"qtranxs_image qtranxs_image_nl\"><img decoding=\"async\" src=\"https:\/\/www.wordcrex.com\/wp-content\/plugins\/qtranslate-x\/flags\/nl.png\" alt=\"Nederlands (nl)\" \/><span style=\"display:none\">Nederlands<\/span><\/a><\/li>\n<li class=\"lang-en\"><a href=\"https:\/\/www.wordcrex.com\/en\/wp-json\/wp\/v2\/pages\/20\" hreflang=\"en\" title=\"English (en)\" class=\"qtranxs_image qtranxs_image_en\"><img decoding=\"async\" src=\"https:\/\/www.wordcrex.com\/wp-content\/plugins\/qtranslate-x\/flags\/gb.png\" alt=\"English (en)\" \/><span style=\"display:none\">English<\/span><\/a><\/li>\n<li class=\"lang-fr\"><a href=\"https:\/\/www.wordcrex.com\/fr\/wp-json\/wp\/v2\/pages\/20\" hreflang=\"fr\" title=\"Fran\u00e7ais (fr)\" class=\"qtranxs_image qtranxs_image_fr\"><img decoding=\"async\" src=\"https:\/\/www.wordcrex.com\/wp-content\/plugins\/qtranslate-x\/flags\/fr.png\" alt=\"Fran\u00e7ais (fr)\" \/><span style=\"display:none\">Fran\u00e7ais<\/span><\/a><\/li>\n<li class=\"lang-de\"><a href=\"https:\/\/www.wordcrex.com\/de\/wp-json\/wp\/v2\/pages\/20\" hreflang=\"de\" title=\"Deutsch (de)\" class=\"qtranxs_image qtranxs_image_de\"><img decoding=\"async\" src=\"https:\/\/www.wordcrex.com\/wp-content\/plugins\/qtranslate-x\/flags\/de.png\" alt=\"Deutsch (de)\" \/><span style=\"display:none\">Deutsch<\/span><\/a><\/li>\n<li class=\"lang-es\"><a href=\"https:\/\/www.wordcrex.com\/es\/wp-json\/wp\/v2\/pages\/20\" hreflang=\"es\" title=\"Espa\u00f1ol (es)\" class=\"qtranxs_image qtranxs_image_es\"><img decoding=\"async\" src=\"https:\/\/www.wordcrex.com\/wp-content\/plugins\/qtranslate-x\/flags\/es.png\" alt=\"Espa\u00f1ol (es)\" \/><span style=\"display:none\">Espa\u00f1ol<\/span><\/a><\/li>\n<li class=\"lang-it\"><a href=\"https:\/\/www.wordcrex.com\/it\/wp-json\/wp\/v2\/pages\/20\" hreflang=\"it\" title=\"Italiano (it)\" class=\"qtranxs_image qtranxs_image_it\"><img decoding=\"async\" src=\"https:\/\/www.wordcrex.com\/wp-content\/plugins\/qtranslate-x\/flags\/it.png\" alt=\"Italiano (it)\" \/><span style=\"display:none\">Italiano<\/span><\/a><\/li>\n<li class=\"lang-pt\"><a href=\"https:\/\/www.wordcrex.com\/pt\/wp-json\/wp\/v2\/pages\/20\" hreflang=\"pt\" title=\"Portugu\u00eas (pt)\" class=\"qtranxs_image qtranxs_image_pt\"><img decoding=\"async\" src=\"https:\/\/www.wordcrex.com\/wp-content\/plugins\/qtranslate-x\/flags\/pt.png\" alt=\"Portugu\u00eas (pt)\" \/><span style=\"display:none\">Portugu\u00eas<\/span><\/a><\/li>\n<li class=\"lang-da\"><a href=\"https:\/\/www.wordcrex.com\/da\/wp-json\/wp\/v2\/pages\/20\" hreflang=\"da\" title=\"Dansk (da)\" class=\"qtranxs_image qtranxs_image_da\"><img decoding=\"async\" src=\"https:\/\/www.wordcrex.com\/wp-content\/plugins\/qtranslate-x\/flags\/dk.png\" alt=\"Dansk (da)\" \/><span style=\"display:none\">Dansk<\/span><\/a><\/li>\n<li class=\"lang-sv\"><a href=\"https:\/\/www.wordcrex.com\/sv\/wp-json\/wp\/v2\/pages\/20\" hreflang=\"sv\" title=\"Svenska (sv)\" class=\"qtranxs_image qtranxs_image_sv\"><img decoding=\"async\" src=\"https:\/\/www.wordcrex.com\/wp-content\/plugins\/qtranslate-x\/flags\/se.png\" alt=\"Svenska (sv)\" \/><span style=\"display:none\">Svenska<\/span><\/a><\/li>\n<li class=\"lang-no\"><a href=\"https:\/\/www.wordcrex.com\/no\/wp-json\/wp\/v2\/pages\/20\" hreflang=\"no\" title=\"Norsk (no)\" class=\"qtranxs_image qtranxs_image_no\"><img decoding=\"async\" src=\"https:\/\/www.wordcrex.com\/wp-content\/plugins\/qtranslate-x\/flags\/no.png\" alt=\"Norsk (no)\" \/><span style=\"display:none\">Norsk<\/span><\/a><\/li>\n<li class=\"lang-fy\"><a href=\"https:\/\/www.wordcrex.com\/fy\/wp-json\/wp\/v2\/pages\/20\" hreflang=\"fy\" title=\"Frysk (fy)\" class=\"qtranxs_image qtranxs_image_fy\"><img decoding=\"async\" src=\"https:\/\/www.wordcrex.com\/wp-content\/plugins\/qtranslate-x\/flags\/eu.png\" alt=\"Frysk (fy)\" \/><span style=\"display:none\">Frysk<\/span><\/a><\/li>\n<li class=\"lang-tr\"><a href=\"https:\/\/www.wordcrex.com\/tr\/wp-json\/wp\/v2\/pages\/20\" hreflang=\"tr\" title=\"T\u00fcrk\u00e7e (tr)\" class=\"qtranxs_image qtranxs_image_tr\"><img decoding=\"async\" src=\"https:\/\/www.wordcrex.com\/wp-content\/plugins\/qtranslate-x\/flags\/tr.png\" alt=\"T\u00fcrk\u00e7e (tr)\" \/><span style=\"display:none\">T\u00fcrk\u00e7e<\/span><\/a><\/li>\n<li class=\"lang-el\"><a href=\"https:\/\/www.wordcrex.com\/el\/wp-json\/wp\/v2\/pages\/20\" hreflang=\"el\" title=\"\u0395\u03bb\u03bb\u03b7\u03bd\u03b9\u03ba\u03ac (el)\" class=\"qtranxs_image qtranxs_image_el\"><img decoding=\"async\" src=\"https:\/\/www.wordcrex.com\/wp-content\/plugins\/qtranslate-x\/flags\/gr.png\" alt=\"\u0395\u03bb\u03bb\u03b7\u03bd\u03b9\u03ba\u03ac (el)\" \/><span style=\"display:none\">\u0395\u03bb\u03bb\u03b7\u03bd\u03b9\u03ba\u03ac<\/span><\/a><\/li>\n<li class=\"lang-ru\"><a href=\"https:\/\/www.wordcrex.com\/ru\/wp-json\/wp\/v2\/pages\/20\" hreflang=\"ru\" title=\"\u0420\u0443\u0441\u0441\u043a\u0438\u0439 (ru)\" class=\"qtranxs_image qtranxs_image_ru\"><img decoding=\"async\" src=\"https:\/\/www.wordcrex.com\/wp-content\/plugins\/qtranslate-x\/flags\/ru.png\" alt=\"\u0420\u0443\u0441\u0441\u043a\u0438\u0439 (ru)\" \/><span style=\"display:none\">\u0420\u0443\u0441\u0441\u043a\u0438\u0439<\/span><\/a><\/li>\n<li class=\"lang-pl\"><a href=\"https:\/\/www.wordcrex.com\/pl\/wp-json\/wp\/v2\/pages\/20\" hreflang=\"pl\" title=\"Polszczyzna (pl)\" class=\"qtranxs_image qtranxs_image_pl\"><img decoding=\"async\" src=\"https:\/\/www.wordcrex.com\/wp-content\/plugins\/qtranslate-x\/flags\/pl.png\" alt=\"Polszczyzna (pl)\" \/><span style=\"display:none\">Polszczyzna<\/span><\/a><\/li>\n<li class=\"lang-cz active\"><a href=\"https:\/\/www.wordcrex.com\/cz\/wp-json\/wp\/v2\/pages\/20\" hreflang=\"cz\" title=\"\u010ce\u0161tina (cz)\" class=\"qtranxs_image qtranxs_image_cz\"><img decoding=\"async\" src=\"https:\/\/www.wordcrex.com\/wp-content\/plugins\/qtranslate-x\/flags\/cz.png\" alt=\"\u010ce\u0161tina (cz)\" \/><span style=\"display:none\">\u010ce\u0161tina<\/span><\/a><\/li>\n<li class=\"lang-af\"><a href=\"https:\/\/www.wordcrex.com\/af\/wp-json\/wp\/v2\/pages\/20\" hreflang=\"af\" title=\"Afrikaans (af)\" class=\"qtranxs_image qtranxs_image_af\"><img decoding=\"async\" src=\"https:\/\/www.wordcrex.com\/wp-content\/plugins\/qtranslate-x\/flags\/za.png\" alt=\"Afrikaans (af)\" \/><span style=\"display:none\">Afrikaans<\/span><\/a><\/li>\n<\/ul><div class=\"qtranxs_widget_end\"><\/div>\n<\/div><\/p>\n<p><em>(Press the flag above for your translations).<\/em><\/p>\n<p>WordCrex je multiplayer slovn\u00ed hra s unik\u00e1tn\u00edm veletrhu principu hru. V\u0161ichni hr\u00e1\u010di hraj\u00ed se stejn\u00fdm souborem sedmi p\u00edsmeny, tak\u017ee je \u0161t\u011bst\u00ed dostat pr\u00e1vo dopisy hraj\u00ed nen\u00ed faktorem u\u017e ne. Ka\u017ed\u00e9 kolo se napad\u00e1n pro tvorbu slov se sv\u00fdmi sedmi dopis\u016f s c\u00edlem z\u00edskat co nejv\u00edce bod\u016f. Hrac\u00ed deska se skl\u00e1d\u00e1 ze 225 \u010dtverc\u016f. N\u011bkter\u00e9 z nich jsou barevn\u00e9 a reprezentuj\u00ed r\u016fzn\u00e9 zn\u00e1sobovat slov \u010di p\u00edsmen. M\u016f\u017eete z\u00edskat body t\u00edm, \u017ee um\u00edst\u00ed p\u00edsmena na palub\u011b vytvo\u0159it jednu nebo v\u00edce soused\u00edc\u00edch slov. Hodnota p\u00edsmen pou\u017eit\u00fdch se s\u010d\u00edtaj\u00ed. M\u016f\u017eete z\u00edskat je\u0161t\u011b v\u00edce bod\u016f t\u00edm, \u017ee um\u00edst\u00ed p\u00edsmena na multiplik\u00e1tory.<\/p>\n<p>Multiplik\u00e1tory.<\/p>\n<p>2L Hodnota p\u00edsmene um\u00edst\u011bn\u00e9 na n\u00e1m\u011bst\u00ed se n\u00e1sob\u00ed 2.<\/p>\n<p>4L Hodnota p\u00edsmene um\u00edst\u011bn\u00e9 na n\u00e1m\u011bst\u00ed se n\u00e1sob\u00ed 4.<\/p>\n<p>6L Hodnota p\u00edsmene um\u00edst\u011bn\u00e9 na n\u00e1m\u011bst\u00ed se n\u00e1sob\u00ed 6.<\/p>\n<p>3W Hodnota slova s \u200b\u200bp\u00edsmenem um\u00edst\u011bn\u00e9 na n\u00e1m\u011bst\u00ed se n\u00e1sob\u00ed 3.<\/p>\n<p>4. Hodnota slova s \u200b\u200bp\u00edsmenem um\u00edst\u011bn\u00e9 na n\u00e1m\u011bst\u00ed se n\u00e1sob\u00ed 4.<\/p>\n<p>Pokud jedno slovo se vztahuje na v\u00edce ne\u017e jeden \u010dtverec s n\u00e1sobi\u010dem, hodnota n\u00e1sob\u00ed odpov\u00eddaj\u00edc\u00edm zp\u016fsobem.<\/p>\n<p>Bonus 100 bod\u016f je odm\u011bn\u011bn, kdy\u017e hr\u00e1\u010d pou\u017eije v\u0161ech sedm p\u00edsmen v jednom tahu.<\/p>\n<p>V prvn\u00edm kole, jeden z dopis\u016f mus\u00ed b\u00fdt na st\u0159edu desky, kter\u00fd tak\u00e9 po\u010d\u00edt\u00e1 jako 3W multiplik\u00e1tor.<\/p>\n<p>Ka\u017ed\u00e9 dal\u0161\u00ed m\u00edsto zm\u011bny sm\u011bru nov\u00e1 slova um\u00edst\u011bn\u00e9 na palub\u011b se mus\u00ed p\u0159ipojit k dopisu, kter\u00fd je ji\u017e um\u00edst\u011bn na palub\u011b. Slova mohou b\u00fdt um\u00edst\u011bny horizont\u00e1ln\u011b nebo vertik\u00e1ln\u011b.<\/p>\n<p>Ka\u017ed\u00fd hr\u00e1\u010d obdr\u017e\u00ed body jeho vlastn\u00ed slova, ale pouze slovo hr\u00e1\u010d s nejvy\u0161\u0161\u00edm po\u010dtem bod\u016f se um\u00edst\u00ed na hern\u00ed pl\u00e1n. Kdy hr\u00e1\u010di maj\u00ed stejn\u00e9 sk\u00f3re v po\u0159ad\u00ed nejrychleji hr\u00e1l slovo budou um\u00edst\u011bny na desce. Zb\u00fdvaj\u00edc\u00ed p\u00edsmena hr\u00e1\u010d s v\u00edt\u011bznou slovem bude dopln\u011bn na sedm. V\u0161ichni hr\u00e1\u010di i nad\u00e1le hr\u00e1t nov\u00fd obrat s t\u011bmito p\u00edsmeny.<\/p>\n<p>Hra kon\u010d\u00ed, kdy\u017e v\u0161echna p\u00edsmena hry jsou hr\u00e1ny nebo kdy\u017e hr\u00e1\u010di mus\u00ed proj\u00edt, pokud zb\u00fdvaj\u00ed m\u00e9n\u011b ne\u017e sedm dla\u017eba. Tak\u00e9 ve h\u0159e dva hr\u00e1\u010de, kdy\u017e hr\u00e1\u010d odstoup\u00ed v pr\u016fb\u011bhu hry nebo p\u0159ekro\u010d\u00ed \u010dasov\u00fd Turn on nebo ona ztrat\u00ed tuto hru, ve h\u0159e v\u00edce hr\u00e1\u010d\u016f ostatn\u00ed hr\u00e1\u010di mohou hr\u00e1t.<\/p>\n<p>Hr\u00e1\u010d s nejvy\u0161\u0161\u00edm celkov\u00fdm po\u010dtem bod\u016f vyhr\u00e1v\u00e1!<\/p>\n<p><em>Pozn\u00e1mka: P\u0159eklad textu s pomoc\u00ed Googlu.<\/em><br \/>\n<\/p>","protected":false},"excerpt":{"rendered":"<p>(Press the flag above for your translations). WordCrex je multiplayer slovn\u00ed hra s unik\u00e1tn\u00edm veletrhu principu hru. V\u0161ichni hr\u00e1\u010di hraj\u00ed se stejn\u00fdm souborem sedmi p\u00edsmeny, tak\u017ee je \u0161t\u011bst\u00ed dostat pr\u00e1vo dopisy hraj\u00ed nen\u00ed faktorem u\u017e ne. Ka\u017ed\u00e9 kolo se napad\u00e1n pro tvorbu slov se sv\u00fdmi sedmi dopis\u016f s c\u00edlem z\u00edskat co nejv\u00edce bod\u016f. Hrac\u00ed deska se skl\u00e1d\u00e1 ze 225 \u010dtverc\u016f. N\u011bkter\u00e9 z nich jsou barevn\u00e9 a reprezentuj\u00ed r\u016fzn\u00e9 zn\u00e1sobovat slov \u010di p\u00edsmen. M\u016f\u017eete z\u00edskat body t\u00edm, \u017ee um\u00edst\u00ed p\u00edsmena na palub\u011b vytvo\u0159it jednu nebo v\u00edce soused\u00edc\u00edch slov. Hodnota p\u00edsmen pou\u017eit\u00fdch se s\u010d\u00edtaj\u00ed. M\u016f\u017eete z\u00edskat je\u0161t\u011b v\u00edce bod\u016f t\u00edm, \u017ee um\u00edst\u00ed <\/p>\n","protected":false},"author":1,"featured_media":52,"parent":0,"menu_order":0,"comment_status":"closed","ping_status":"closed","template":"page-parallax.php","meta":{"footnotes":""},"aioseo_notices":[],"_links":{"self":[{"href":"https:\/\/www.wordcrex.com\/cz\/wp-json\/wp\/v2\/pages\/20"}],"collection":[{"href":"https:\/\/www.wordcrex.com\/cz\/wp-json\/wp\/v2\/pages"}],"about":[{"href":"https:\/\/www.wordcrex.com\/cz\/wp-json\/wp\/v2\/types\/page"}],"author":[{"embeddable":true,"href":"https:\/\/www.wordcrex.com\/cz\/wp-json\/wp\/v2\/users\/1"}],"replies":[{"embeddable":true,"href":"https:\/\/www.wordcrex.com\/cz\/wp-json\/wp\/v2\/comments?post=20"}],"version-history":[{"count":175,"href":"https:\/\/www.wordcrex.com\/cz\/wp-json\/wp\/v2\/pages\/20\/revisions"}],"predecessor-version":[{"id":1317,"href":"https:\/\/www.wordcrex.com\/cz\/wp-json\/wp\/v2\/pages\/20\/revisions\/1317"}],"wp:featuredmedia":[{"embeddable":true,"href":"https:\/\/www.wordcrex.com\/cz\/wp-json\/wp\/v2\/media\/52"}],"wp:attachment":[{"href":"https:\/\/www.wordcrex.com\/cz\/wp-json\/wp\/v2\/media?parent=20"}],"curies":[{"name":"wp","href":"https:\/\/api.w.org\/{rel}","templated":true}]}}