{"id":32,"date":"2016-04-15T12:20:11","date_gmt":"2016-04-15T12:20:11","guid":{"rendered":"https:\/\/wordcrex.com\/?page_id=32"},"modified":"2019-08-30T11:17:31","modified_gmt":"2019-08-30T11:17:31","slug":"wordcrex-app-manual","status":"publish","type":"page","link":"https:\/\/www.wordcrex.com\/da\/wordcrex-app-manual\/","title":{"rendered":"Manuel"},"content":{"rendered":"<p><br \/>\n<em>(Press the flag above for your translations).<\/em><\/p>\n<p>WordCrex messen ordspil er bygget til at v\u00e6re lige s\u00e5 let at bruge som muligt. For nemheds skyld har vi tilf\u00f8jet denne manual for at v\u00e6re sikker p\u00e5 du tage fuld fordel af alle de tilg\u00e6ngelige indstillinger i app&#8217;en.<\/p>\n<p><iframe loading=\"lazy\" src=\"https:\/\/www.youtube.com\/embed\/8F1W5cXgOUk\" width=\"560\" height=\"315\" frameborder=\"0\" allowfullscreen=\"allowfullscreen\"><\/iframe><\/p>\n<p>Login-sk\u00e6rm<br \/>\nLog ind med dit brugernavn og adgangskode eller Facebook-konto. For at oprette en WordCrex konto bare trykke p\u00e5 &#8211; Opret en konto &#8211; knap og v\u00e6lge et brugernavn og en adgangskode, og udfyld din e-mailadresse.<br \/>\nHvis du har glemt brugernavn og eller adgangskode, du kan trykke p\u00e5 &#8220;Glemt adgangskode?&#8221; P\u00e5 sk\u00e6rmen. Udfyld dit brugernavn eller e-mail, og vi vil sende dig instruktioner. Tjek spam mappe, hvis e-mailen ikke vises i din indbakke.<br \/>\nFor at \u00e6ndre indstillingerne for din konto G\u00e5 til afsnittet indstillinger og f\u00f8lge proceduren. Hvis du stadig har problemer med at logge ind eller gerne vil slette din konto, kontakt os p\u00e5 vores email-adresse <a href=\"mailto:support@wordcrex.com\">support@wordcrex.com<\/a>..<\/p>\n<p>Den centrale sk\u00e6rm<br \/>\nHer kan du oprette et nyt spil, se status for de spil, du spiller, administrere din liste af f\u00e6rdige spil, og i bunden du finder den hovednavigation. For at opdatere spillet status, tr\u00e6kke ned p\u00e5 sk\u00e6rmen ofte !! Du kan slette invitationer du har sende og f\u00e6rdige spil ved at stryge det spil. F\u00e6rdige spil fjernes automatisk efter en uge.<br \/>\nG\u00e5 direkte til en spilleplade ved at trykke et \u00e5bent spil eller acceptere en invitation.<br \/>\nBrug de vigtigste navigation bar knapper til at navigere til spil, venner, statistik, indstillinger og info.<\/p>\n<p>Opret et nyt spil<br \/>\nFor at oprette et nyt spil tap den gule &#8211; skabe et nyt spil &#8211; knappen. Du bliver bedt om at &#8220;Opret et spil&#8221; sk\u00e6rm. Nu v\u00e6lge antallet af modstandere, at sprog, du \u00f8nsker at spille i, og drej tid. Inviter venner til dette spil ved at trykke p\u00e5 -Invite venner &#8211; knappen. Her v\u00e6lger du dine modstandere fra blandt dine WordCrex og Facebook-venner og liste telefonkontakt. Hvis en telefonkontakt e-mail er endnu ikke en kendt WordCrex spiller kan du invitere ham til at installere WordCrex. Du kan ogs\u00e5 finde en spiller ved at bruge s\u00f8gefeltet, og s\u00f8ge efter brugernavn eller din emailadresse. N\u00e5r du opretter et multiplayer spil kan du give dit spil et unikt navn, tryk p\u00e5 &#8211; Finish &#8211; knap \u00f8verst til h\u00f8jre, og have det sjovt!<br \/>\nStart et spil med tilf\u00e6ldige modstandere ved at trykke p\u00e5 &#8211; Tilf\u00e6ldige modstandere &#8211; knappen. Tilf\u00e6ldige spillere er matchet efter styrke.<\/p>\n<p>Spillet bord<br \/>\nPlacer dine breve p\u00e5 spillepladen for at score point. Efter at trykke p\u00e5 play-knappen og bekr\u00e6fter din tur er endelig (du kan indstille confirm play on \/ off i afsnittet indstillinger).<br \/>\nBrug knappen shuffle til at blande bogstaverne.<br \/>\nPass din tur ved at trykke p\u00e5 knappen pass (\/). N\u00e5r en bogstav er placeret p\u00e5 knappen shuffle bliver til en klar (x) for at tage dine breve tilbage til bakken.<br \/>\nN\u00e5r du trykker p\u00e5 knappen mere (&#8230;) kan du tilpasse dit spil bord ved at v\u00e6lge din yndlingsfarve og du kan tr\u00e6de tilbage.<br \/>\nStart en chat med knappen chat.<br \/>\nDu kan se et spil resum\u00e9 ved at trykke p\u00e5 resultattavlen p\u00e5 toppen af \u200b\u200bsk\u00e6rmen.<\/p>\n<p>Den hovednavigation<br \/>\nNederst p\u00e5 den centrale sk\u00e6rm du finder den hovednavigation. Her kan du navigere til de spil, venner, statistik, indstillinger og info sektioner.<\/p>\n<p>venner<br \/>\nGiver dig direkte adgang til dine WordCrex venner. Du kan s\u00f8ge, tilf\u00f8je, blok (fjerne blokeringen dem ved hj\u00e6lp af &#8220;Blokerede brugere&#8221; sk\u00e6rm til r\u00e5dighed p\u00e5 menuen indstillinger) og slette dine venner.<br \/>\nOgs\u00e5 du kan invitere venner til et nyt spil.<br \/>\nTryk p\u00e5 navnet p\u00e5 din WordCrex ven med hans eller hendes styrke (antal gule Crexes, at Crex er en fugl) nedenfor den for at se dine venners statistik.<\/p>\n<p>Statistik<br \/>\nDu har en masse gratis statistik som st\u00f8rste ord og h\u00f8jeste score for at forbedre og sammenligne. Gevinster, tab og tr\u00e6k bruges til at bestemme din styrke angivet med antallet af Crexes. Styrken af en spiller er angivet med et tal, der konverteres i en r\u00e6kke Crexes (fugle). Styrken m\u00e5les med en algoritme, der er baseret p\u00e5 ideen om, at du f\u00e5r flere point til sejr, hvis du vinder fra nogen, der er st\u00e6rkere, s\u00e5 n\u00e5r nogen er svagere. Intervallerne er <1200 = 1 Crex \/ 1200 - 1499 = 2 Crexes \/ 1500 - 1799 = 3 Crexes \/ 1800 - 2099 = 4 Crexes \/ 2100> = 5 Crexes. Crex it on!<\/p>\n<p>Indstillinger<br \/>\nHer kan du \u00e6ndre dine kontooplysninger. Brugernavn, e-mail, password og billede er tilg\u00e6ngelige for forandring ved at skrive nye i de vises kasser og v\u00e6lge eksisterende fotos p\u00e5 din telefon.<br \/>\nDu kan ogs\u00e5 indstille dit standardsprog, dette vil s\u00e6tte alle nye spil i det valgte sprog her, du kan \u00e6ndre dette per spil i &#8220;Opret et spil&#8221; sk\u00e6rm.<br \/>\nBekr\u00e6ft play t\u00e6ndt giver dig en bekr\u00e6ftelse popup efter hver tur.<br \/>\nHvis du \u00f8nsker at slippe af de annoncer trykke p\u00e5 &#8211; Fjern annoncer &#8211; knap (betalt tjeneste).<br \/>\nTryk p\u00e5 &#8211; blokerede brugere &#8211; knappen for at \u00e5bne &#8220;Blokerede brugere&#8221; sk\u00e6rm, der giver et overblik over dine blokerede brugere. Unblock spillere ved at trykke p\u00e5 &#8211; fjerne blokeringen &#8211; knappen ved siden af \u200b\u200bnavnet p\u00e5 afspilleren.<br \/>\nLog ud med din nuv\u00e6rende konto ved at trykke p\u00e5 &#8211; Log af &#8211; knappen.<\/p>\n<p>Info<br \/>\nHer finder du de spillets regler, manuelle, nogle dokumenter og andre nyttige oplysninger om WordCrex messen ordspil.<br \/>\nDet er det. Have det sjovt, og hvis du har yderligere sp\u00f8rgsm\u00e5l eller brug for mere info se venligst vores hjemmeside www.wordcrex.com.<\/p>\n<p><em>Bem\u00e6rk: Tekst overs\u00e6ttelse ved hj\u00e6lp af Google.<\/em><\/p>\n<p><\/p>","protected":false},"excerpt":{"rendered":"<p>(Press the flag above for your translations). WordCrex messen ordspil er bygget til at v\u00e6re lige s\u00e5 let at bruge som muligt. For nemheds skyld har vi tilf\u00f8jet denne manual for at v\u00e6re sikker p\u00e5 du tage fuld fordel af alle de tilg\u00e6ngelige indstillinger i app&#8217;en. Login-sk\u00e6rm Log ind med dit brugernavn og adgangskode eller Facebook-konto. For at oprette en WordCrex konto bare trykke p\u00e5 &#8211; Opret en konto &#8211; knap og v\u00e6lge et brugernavn og en adgangskode, og udfyld din e-mailadresse. Hvis du har glemt brugernavn og eller adgangskode, du kan trykke p\u00e5 &#8220;Glemt adgangskode?&#8221; P\u00e5 sk\u00e6rmen. Udfyld dit <\/p>\n","protected":false},"author":1,"featured_media":52,"parent":0,"menu_order":0,"comment_status":"closed","ping_status":"closed","template":"page-parallax.php","meta":{"footnotes":""},"aioseo_notices":[],"_links":{"self":[{"href":"https:\/\/www.wordcrex.com\/da\/wp-json\/wp\/v2\/pages\/32"}],"collection":[{"href":"https:\/\/www.wordcrex.com\/da\/wp-json\/wp\/v2\/pages"}],"about":[{"href":"https:\/\/www.wordcrex.com\/da\/wp-json\/wp\/v2\/types\/page"}],"author":[{"embeddable":true,"href":"https:\/\/www.wordcrex.com\/da\/wp-json\/wp\/v2\/users\/1"}],"replies":[{"embeddable":true,"href":"https:\/\/www.wordcrex.com\/da\/wp-json\/wp\/v2\/comments?post=32"}],"version-history":[{"count":136,"href":"https:\/\/www.wordcrex.com\/da\/wp-json\/wp\/v2\/pages\/32\/revisions"}],"predecessor-version":[{"id":1282,"href":"https:\/\/www.wordcrex.com\/da\/wp-json\/wp\/v2\/pages\/32\/revisions\/1282"}],"wp:featuredmedia":[{"embeddable":true,"href":"https:\/\/www.wordcrex.com\/da\/wp-json\/wp\/v2\/media\/52"}],"wp:attachment":[{"href":"https:\/\/www.wordcrex.com\/da\/wp-json\/wp\/v2\/media?parent=32"}],"curies":[{"name":"wp","href":"https:\/\/api.w.org\/{rel}","templated":true}]}}