{"id":878,"date":"2017-05-03T09:39:24","date_gmt":"2017-05-03T09:39:24","guid":{"rendered":"https:\/\/wordcrex.com\/?page_id=878"},"modified":"2021-01-06T15:45:24","modified_gmt":"2021-01-06T15:45:24","slug":"dictionaries-in-app","status":"publish","type":"page","link":"https:\/\/www.wordcrex.com\/de\/dictionaries-in-app\/","title":{"rendered":"W\u00f6rterb\u00fccher"},"content":{"rendered":"<p><style type=\"text\/css\">\n.qtranxs_widget ul { margin: 0; }\n.qtranxs_widget ul li\n{\ndisplay: inline; \/* horizontal list, use \"list-item\" or other appropriate value for vertical list *\/\nlist-style-type: none; \/* use \"initial\" or other to enable bullets *\/\nmargin: 0 5px 0 0; \/* adjust spacing between items *\/\nopacity: 0.5;\n-o-transition: 1s ease opacity;\n-moz-transition: 1s ease opacity;\n-webkit-transition: 1s ease opacity;\ntransition: 1s ease opacity;\n}\n\/* .qtranxs_widget ul li span { margin: 0 5px 0 0; } *\/ \/* other way to control spacing *\/\n.qtranxs_widget ul li.active { opacity: 0.8; }\n.qtranxs_widget ul li:hover { opacity: 1; }\n.qtranxs_widget img { box-shadow: none; vertical-align: middle; display: initial; }\n.qtranxs_flag { height:12px; width:18px; display:block; }\n.qtranxs_flag_and_text { padding-left:20px; }\n.qtranxs_flag span { display:none; }\n<\/style>\n<div class=\"widget qtranxs_widget\">\n<ul class=\"language-chooser language-chooser-image qtranxs_language_chooser\" id=\"qtranslate--1-chooser\">\n<li class=\"lang-nl\"><a href=\"https:\/\/www.wordcrex.com\/nl\/wp-json\/wp\/v2\/pages\/878\" hreflang=\"nl\" title=\"Nederlands (nl)\" class=\"qtranxs_image qtranxs_image_nl\"><img decoding=\"async\" src=\"https:\/\/www.wordcrex.com\/wp-content\/plugins\/qtranslate-x\/flags\/nl.png\" alt=\"Nederlands (nl)\" \/><span style=\"display:none\">Nederlands<\/span><\/a><\/li>\n<li class=\"lang-en\"><a href=\"https:\/\/www.wordcrex.com\/en\/wp-json\/wp\/v2\/pages\/878\" hreflang=\"en\" title=\"English (en)\" class=\"qtranxs_image qtranxs_image_en\"><img decoding=\"async\" src=\"https:\/\/www.wordcrex.com\/wp-content\/plugins\/qtranslate-x\/flags\/gb.png\" alt=\"English (en)\" \/><span style=\"display:none\">English<\/span><\/a><\/li>\n<li class=\"lang-fr\"><a href=\"https:\/\/www.wordcrex.com\/fr\/wp-json\/wp\/v2\/pages\/878\" hreflang=\"fr\" title=\"Fran\u00e7ais (fr)\" class=\"qtranxs_image qtranxs_image_fr\"><img decoding=\"async\" src=\"https:\/\/www.wordcrex.com\/wp-content\/plugins\/qtranslate-x\/flags\/fr.png\" alt=\"Fran\u00e7ais (fr)\" \/><span style=\"display:none\">Fran\u00e7ais<\/span><\/a><\/li>\n<li class=\"lang-de active\"><a href=\"https:\/\/www.wordcrex.com\/de\/wp-json\/wp\/v2\/pages\/878\" hreflang=\"de\" title=\"Deutsch (de)\" class=\"qtranxs_image qtranxs_image_de\"><img decoding=\"async\" src=\"https:\/\/www.wordcrex.com\/wp-content\/plugins\/qtranslate-x\/flags\/de.png\" alt=\"Deutsch (de)\" \/><span style=\"display:none\">Deutsch<\/span><\/a><\/li>\n<li class=\"lang-es\"><a href=\"https:\/\/www.wordcrex.com\/es\/wp-json\/wp\/v2\/pages\/878\" hreflang=\"es\" title=\"Espa\u00f1ol (es)\" class=\"qtranxs_image qtranxs_image_es\"><img decoding=\"async\" src=\"https:\/\/www.wordcrex.com\/wp-content\/plugins\/qtranslate-x\/flags\/es.png\" alt=\"Espa\u00f1ol (es)\" \/><span style=\"display:none\">Espa\u00f1ol<\/span><\/a><\/li>\n<li class=\"lang-it\"><a href=\"https:\/\/www.wordcrex.com\/it\/wp-json\/wp\/v2\/pages\/878\" hreflang=\"it\" title=\"Italiano (it)\" class=\"qtranxs_image qtranxs_image_it\"><img decoding=\"async\" src=\"https:\/\/www.wordcrex.com\/wp-content\/plugins\/qtranslate-x\/flags\/it.png\" alt=\"Italiano (it)\" \/><span style=\"display:none\">Italiano<\/span><\/a><\/li>\n<li class=\"lang-pt\"><a href=\"https:\/\/www.wordcrex.com\/pt\/wp-json\/wp\/v2\/pages\/878\" hreflang=\"pt\" title=\"Portugu\u00eas (pt)\" class=\"qtranxs_image qtranxs_image_pt\"><img decoding=\"async\" src=\"https:\/\/www.wordcrex.com\/wp-content\/plugins\/qtranslate-x\/flags\/pt.png\" alt=\"Portugu\u00eas (pt)\" \/><span style=\"display:none\">Portugu\u00eas<\/span><\/a><\/li>\n<li class=\"lang-da\"><a href=\"https:\/\/www.wordcrex.com\/da\/wp-json\/wp\/v2\/pages\/878\" hreflang=\"da\" title=\"Dansk (da)\" class=\"qtranxs_image qtranxs_image_da\"><img decoding=\"async\" src=\"https:\/\/www.wordcrex.com\/wp-content\/plugins\/qtranslate-x\/flags\/dk.png\" alt=\"Dansk (da)\" \/><span style=\"display:none\">Dansk<\/span><\/a><\/li>\n<li class=\"lang-sv\"><a href=\"https:\/\/www.wordcrex.com\/sv\/wp-json\/wp\/v2\/pages\/878\" hreflang=\"sv\" title=\"Svenska (sv)\" class=\"qtranxs_image qtranxs_image_sv\"><img decoding=\"async\" src=\"https:\/\/www.wordcrex.com\/wp-content\/plugins\/qtranslate-x\/flags\/se.png\" alt=\"Svenska (sv)\" \/><span style=\"display:none\">Svenska<\/span><\/a><\/li>\n<li class=\"lang-no\"><a href=\"https:\/\/www.wordcrex.com\/no\/wp-json\/wp\/v2\/pages\/878\" hreflang=\"no\" title=\"Norsk (no)\" class=\"qtranxs_image qtranxs_image_no\"><img decoding=\"async\" src=\"https:\/\/www.wordcrex.com\/wp-content\/plugins\/qtranslate-x\/flags\/no.png\" alt=\"Norsk (no)\" \/><span style=\"display:none\">Norsk<\/span><\/a><\/li>\n<li class=\"lang-fy\"><a href=\"https:\/\/www.wordcrex.com\/fy\/wp-json\/wp\/v2\/pages\/878\" hreflang=\"fy\" title=\"Frysk (fy)\" class=\"qtranxs_image qtranxs_image_fy\"><img decoding=\"async\" src=\"https:\/\/www.wordcrex.com\/wp-content\/plugins\/qtranslate-x\/flags\/eu.png\" alt=\"Frysk (fy)\" \/><span style=\"display:none\">Frysk<\/span><\/a><\/li>\n<li class=\"lang-tr\"><a href=\"https:\/\/www.wordcrex.com\/tr\/wp-json\/wp\/v2\/pages\/878\" hreflang=\"tr\" title=\"T\u00fcrk\u00e7e (tr)\" class=\"qtranxs_image qtranxs_image_tr\"><img decoding=\"async\" src=\"https:\/\/www.wordcrex.com\/wp-content\/plugins\/qtranslate-x\/flags\/tr.png\" alt=\"T\u00fcrk\u00e7e (tr)\" \/><span style=\"display:none\">T\u00fcrk\u00e7e<\/span><\/a><\/li>\n<li class=\"lang-el\"><a href=\"https:\/\/www.wordcrex.com\/el\/wp-json\/wp\/v2\/pages\/878\" hreflang=\"el\" title=\"\u0395\u03bb\u03bb\u03b7\u03bd\u03b9\u03ba\u03ac (el)\" class=\"qtranxs_image qtranxs_image_el\"><img decoding=\"async\" src=\"https:\/\/www.wordcrex.com\/wp-content\/plugins\/qtranslate-x\/flags\/gr.png\" alt=\"\u0395\u03bb\u03bb\u03b7\u03bd\u03b9\u03ba\u03ac (el)\" \/><span style=\"display:none\">\u0395\u03bb\u03bb\u03b7\u03bd\u03b9\u03ba\u03ac<\/span><\/a><\/li>\n<li class=\"lang-ru\"><a href=\"https:\/\/www.wordcrex.com\/ru\/wp-json\/wp\/v2\/pages\/878\" hreflang=\"ru\" title=\"\u0420\u0443\u0441\u0441\u043a\u0438\u0439 (ru)\" class=\"qtranxs_image qtranxs_image_ru\"><img decoding=\"async\" src=\"https:\/\/www.wordcrex.com\/wp-content\/plugins\/qtranslate-x\/flags\/ru.png\" alt=\"\u0420\u0443\u0441\u0441\u043a\u0438\u0439 (ru)\" \/><span style=\"display:none\">\u0420\u0443\u0441\u0441\u043a\u0438\u0439<\/span><\/a><\/li>\n<li class=\"lang-pl\"><a href=\"https:\/\/www.wordcrex.com\/pl\/wp-json\/wp\/v2\/pages\/878\" hreflang=\"pl\" title=\"Polszczyzna (pl)\" class=\"qtranxs_image qtranxs_image_pl\"><img decoding=\"async\" src=\"https:\/\/www.wordcrex.com\/wp-content\/plugins\/qtranslate-x\/flags\/pl.png\" alt=\"Polszczyzna (pl)\" \/><span style=\"display:none\">Polszczyzna<\/span><\/a><\/li>\n<li class=\"lang-cz\"><a href=\"https:\/\/www.wordcrex.com\/cz\/wp-json\/wp\/v2\/pages\/878\" hreflang=\"cz\" title=\"\u010ce\u0161tina (cz)\" class=\"qtranxs_image qtranxs_image_cz\"><img decoding=\"async\" src=\"https:\/\/www.wordcrex.com\/wp-content\/plugins\/qtranslate-x\/flags\/cz.png\" alt=\"\u010ce\u0161tina (cz)\" \/><span style=\"display:none\">\u010ce\u0161tina<\/span><\/a><\/li>\n<li class=\"lang-af\"><a href=\"https:\/\/www.wordcrex.com\/af\/wp-json\/wp\/v2\/pages\/878\" hreflang=\"af\" title=\"Afrikaans (af)\" class=\"qtranxs_image qtranxs_image_af\"><img decoding=\"async\" src=\"https:\/\/www.wordcrex.com\/wp-content\/plugins\/qtranslate-x\/flags\/za.png\" alt=\"Afrikaans (af)\" \/><span style=\"display:none\">Afrikaans<\/span><\/a><\/li>\n<\/ul><div class=\"qtranxs_widget_end\"><\/div>\n<\/div><\/p>\n<p><em>(Press the flag above for your translations).<\/em><\/p>\n<p>WordCrex kann in vielen Sprachen gespielt werden. Wir und unsere Partner, um die bestm\u00f6gliche Versorgung der anspruchsvollsten und Spa\u00dfspiel nach den neuesten Regeln und Entwicklungen in jeder Sprache zu schaffen, die wir anbieten. Unser Team ist das Hinzuf\u00fcgen aktiv Worte an unsere W\u00f6rterb\u00fccher die W\u00f6rterb\u00fccher WordCrex so vollst\u00e4ndig wie m\u00f6glich zu machen. WWenn Sie aus irgendeinem Grund denken, dass ein Wort hinzugef\u00fcgt oder aus unserem W\u00f6rterbuch entfernt werden soll, benutzen Sie bitte das Formular.<\/p>\n<form action=\"mailto:info@wordcrex.com, info@taaltik.nl?subject=Suggestion for improvement\" enctype=\"text\/plain\" method=\"post\">\nDeine E-Mail:<br \/>\n<input name=\"Deine E-Mail \" type=\"text\" \/><br \/>\nWort:<br \/>\n<input name=\"Wort\" size=\"15\" type=\"text\" \/><\/p>\n<p>Wort hinzuf\u00fcgen oder entfernen:<br \/>\n<INPUT TYPE=\"radio\" NAME=\"change\" VALUE=\"add\">Hinzuf\u00fcgen<br \/>\n<INPUT TYPE=\"radio\" NAME=\"change\" VALUE=\"remove\">Entfernen<\/p>\n<p>Sprache:<br \/>\n<select name=\"Sprache\"><option value=\"AFR\">African<\/option><option value=\"ARM\">Armenian<\/option><option value=\"EUS\">Basque<\/option><option value=\"BRE\">Brittonic<\/option><option value=\"BUL\">Bulgarian<\/option><option value=\"CAT\">Catalan<\/option><option value=\"HRV\">Croatian<\/option><option value=\"CZE\">Czech<\/option><option value=\"DAN\">Danish<\/option><option value=\"NED\">Dutch<\/option><option value=\"ENG\">English<\/option><option value=\"EPO\">Esperanto<\/option><option value=\"EST\">Estonian<\/option><option value=\"FIN\">Finnish<\/option><option value=\"FRA\">French<\/option><option value=\"FRI\">Fries<\/option><option value=\"GAE\">Gaelic<\/option><option value=\"GER\"selected>German<\/option><option value=\"HEL\">Greek<\/option><option value=\"HUN\">Hungarian<\/option><option value=\"IDN\">Indonesian<\/option><option value=\"ICE\">Icelandic<\/option><option value=\"ITA\">Italian<\/option><option value=\"JPN\">Japanese<\/option><option value=\"LTV\">Latvian<\/option><option value=\"LIT\">Lithuanian<\/option><option value=\"LTZ\">Luxembourgish<\/option><option value=\"MAY\">Malaysian<\/option><option value=\"NBO\">Norwegian Bokmal<\/option><option value=\"NNY\">Norwegian Nynorsk<\/option><option value=\"POL\">Polish<\/option><option value=\"POR\">Portuguese<\/option><option value=\"ROM\">Romanian<\/option><option value=\"RUS\">Russian<\/option><option value=\"SLV\">Slovenian<\/option><option value=\"SVK\">Slovak<\/option><option value=\"SPA\">Spanish<\/option><option value=\"SWE\">Swedish<\/option><option value=\"TUR\">Turkish<\/option><option value=\"UKR\">Ukranian<\/option><\/select><\/p>\n<p>Kommentar:<br \/>\n<input name=\"comment\" type=\"text\" \/><\/p>\n<p><input type=\"submit\" value=\"Senden\" \/> <input type=\"reset\" value=\"Zur\u00fccksetzen\" \/><\/p>\n<\/form>\n<p>\nWir unterst\u00fctzen die folgenden Sprachen:\n<\/p>\n<p><img loading=\"lazy\" decoding=\"async\" style=\"vertical-align: middle;\" src=\"\/\/wordcrex.com\/wp-content\/uploads\/2016\/04\/AFR.png\" width=\"42\" height=\"28\" \/><\/a>\u00a0 Afrikaans (Afrikaans)<\/p>\n<p><img loading=\"lazy\" decoding=\"async\" style=\"vertical-align: middle;\" src=\"\/\/wordcrex.com\/wp-content\/uploads\/2016\/04\/ARM.png\" width=\"42\" height=\"28\" \/><\/a>\u00a0 Armenian (h\u0561\u0575\u0565\u0580\u0567\u0576)<\/p>\n<p><img loading=\"lazy\" decoding=\"async\" style=\"vertical-align: middle;\" src=\"\/\/wordcrex.com\/wp-content\/uploads\/2016\/04\/EUS.png\" width=\"42\" height=\"28\" \/><\/a>\u00a0 Basque (Euskara)<\/p>\n<p><img loading=\"lazy\" decoding=\"async\" style=\"vertical-align: middle;\" src=\"\/\/wordcrex.com\/wp-content\/uploads\/2016\/04\/BRE.png\" width=\"42\" height=\"28\" \/><\/a>\u00a0 Brittonic (Brezhoneg)<\/p>\n<p><img loading=\"lazy\" decoding=\"async\" style=\"vertical-align: middle;\" src=\"\/\/wordcrex.com\/wp-content\/uploads\/2016\/04\/BUL.png\" width=\"42\" height=\"28\" \/><\/a>\u00a0 Bulgarian (\u0411\u044a\u043b\u0433\u0430\u0440\u0441\u043a\u0438 \u0435\u0437\u0438\u043a)<\/p>\n<p><img loading=\"lazy\" decoding=\"async\" style=\"vertical-align: middle;\" src=\"\/\/wordcrex.com\/wp-content\/uploads\/2016\/04\/CAT.png\" width=\"42\" height=\"28\" \/><\/a>\u00a0 Catalan (Catal\u00e0)<\/p>\n<p><img loading=\"lazy\" decoding=\"async\" style=\"vertical-align: middle;\" src=\"\/\/wordcrex.com\/wp-content\/uploads\/2016\/04\/HRV.png\" width=\"42\" height=\"28\" \/><\/a>\u00a0 Croatian (Hrvatski)<\/p>\n<p><img loading=\"lazy\" decoding=\"async\" style=\"vertical-align: middle;\" src=\"\/\/wordcrex.com\/wp-content\/uploads\/2016\/04\/CZE.png\" width=\"42\" height=\"28\" \/><\/a>\u00a0 Czech (\u010ce\u0161tina)<\/p>\n<p><img loading=\"lazy\" decoding=\"async\" style=\"vertical-align: middle;\" src=\"\/\/wordcrex.com\/wp-content\/uploads\/2016\/04\/DAN.png\" width=\"42\" height=\"28\" \/><\/a>\u00a0 Danish (Dansk)<\/p>\n<p><img loading=\"lazy\" decoding=\"async\" style=\"vertical-align: middle;\" src=\"\/\/wordcrex.com\/wp-content\/uploads\/2016\/04\/DUT.png\" width=\"42\" height=\"28\" \/><\/a>\u00a0 Dutch (Nederlands)<\/p>\n<p><img loading=\"lazy\" decoding=\"async\" style=\"vertical-align: middle;\" src=\"\/\/wordcrex.com\/wp-content\/uploads\/2016\/04\/ENG-INTERNATIONAL.png\" width=\"42\" height=\"28\" \/><\/a>\u00a0 English (International (SOWPODS))<\/p>\n<p><img loading=\"lazy\" decoding=\"async\" style=\"vertical-align: middle;\" src=\"\/\/wordcrex.com\/wp-content\/uploads\/2016\/04\/ENG-US.png\" width=\"42\" height=\"28\" \/><\/a>\u00a0 English (US (TWL))<\/p>\n<p><img loading=\"lazy\" decoding=\"async\" style=\"vertical-align: middle;\" src=\"\/\/wordcrex.com\/wp-content\/uploads\/2016\/04\/EPO.png\" width=\"42\" height=\"28\" \/><\/a> \u00a0Esperanto (Esperanto)<\/p>\n<p><img loading=\"lazy\" decoding=\"async\" style=\"vertical-align: middle;\" src=\"\/\/wordcrex.com\/wp-content\/uploads\/2016\/04\/EST.png\" width=\"42\" height=\"28\" \/><\/a>\u00a0 Estonian (Eesti Keel)<\/p>\n<p><img loading=\"lazy\" decoding=\"async\" style=\"vertical-align: middle;\" src=\"\/\/wordcrex.com\/wp-content\/uploads\/2016\/04\/FIN.png\" width=\"42\" height=\"28\" \/><\/a>\u00a0 Finnish (Suomi)<\/p>\n<p><img loading=\"lazy\" decoding=\"async\" style=\"vertical-align: middle;\" src=\"\/\/wordcrex.com\/wp-content\/uploads\/2016\/04\/FRA.png\" width=\"42\" height=\"28\" \/><\/a>\u00a0\u00a0French (Fran\u00e7ais)<\/p>\n<p><img loading=\"lazy\" decoding=\"async\" style=\"vertical-align: middle;\" src=\"\/\/wordcrex.com\/wp-content\/uploads\/2016\/04\/FRY.png\" width=\"42\" height=\"28\" \/><\/a>\u00a0 Fries (Frysk)<\/p>\n<p><img loading=\"lazy\" decoding=\"async\" style=\"vertical-align: middle;\" src=\"\/\/wordcrex.com\/wp-content\/uploads\/2016\/04\/GLE.png\" width=\"42\" height=\"28\" \/><\/a>\u00a0 Gaelic (Gaeilge)<\/p>\n<p><img loading=\"lazy\" decoding=\"async\" style=\"vertical-align: middle;\" src=\"\/\/wordcrex.com\/wp-content\/uploads\/2016\/04\/DEU.png\" width=\"42\" height=\"28\" \/><\/a>\u00a0 German (Deutsch)<\/p>\n<p><img loading=\"lazy\" decoding=\"async\" style=\"vertical-align: middle;\" src=\"\/\/wordcrex.com\/wp-content\/uploads\/2016\/04\/ELL.png\" width=\"42\" height=\"28\" \/><\/a>\u00a0 Greek (\u0395\u03bb\u03bb\u03b7\u03bd\u03b9\u03ba\u03ac)<\/p>\n<p><img loading=\"lazy\" decoding=\"async\" style=\"vertical-align: middle;\" src=\"\/\/wordcrex.com\/wp-content\/uploads\/2016\/04\/HUN.png\" width=\"42\" height=\"28\" \/><\/a>\u00a0 Hungarian (Magyar)<\/p>\n<p><img loading=\"lazy\" decoding=\"async\" style=\"vertical-align: middle;\" src=\"\/\/wordcrex.com\/wp-content\/uploads\/2016\/04\/IND.png\" width=\"42\" height=\"28\" \/><\/a>\u00a0 Indonesian (Bahasa Indonesia)<\/p>\n<p><img loading=\"lazy\" decoding=\"async\" style=\"vertical-align: middle;\" src=\"\/\/wordcrex.com\/wp-content\/uploads\/2016\/04\/ICE.png\" width=\"42\" height=\"28\" \/><\/a>\u00a0 Icelandic (\u00cdslenska)<\/p>\n<p><img loading=\"lazy\" decoding=\"async\" style=\"vertical-align: middle;\" src=\"\/\/wordcrex.com\/wp-content\/uploads\/2016\/04\/ITA.png\" width=\"42\" height=\"28\" \/><\/a> \u00a0Italian (Italiano)<\/p>\n<p><img loading=\"lazy\" decoding=\"async\" style=\"vertical-align: middle;\" src=\"\/\/wordcrex.com\/wp-content\/uploads\/2016\/04\/JPN.png\" width=\"42\" height=\"28\" \/><\/a>\u00a0 Japanese (\u65e5\u672c\u8a9e)<\/p>\n<p><img loading=\"lazy\" decoding=\"async\" style=\"vertical-align: middle;\" src=\"\/\/wordcrex.com\/wp-content\/uploads\/2016\/04\/LVS.png\" width=\"42\" height=\"28\" \/><\/a>\u00a0 Latvian (Latvie\u0161u)<\/p>\n<p><img loading=\"lazy\" decoding=\"async\" style=\"vertical-align: middle;\" src=\"\/\/wordcrex.com\/wp-content\/uploads\/2016\/04\/LIT.png\" width=\"42\" height=\"28\" \/><\/a>\u00a0 Lithuanian (Lietuvi\u0173 kasba)<\/p>\n<p><img loading=\"lazy\" decoding=\"async\" style=\"vertical-align: middle;\" src=\"\/\/wordcrex.com\/wp-content\/uploads\/2016\/04\/LTZ.png\" width=\"42\" height=\"28\" \/><\/a>\u00a0 Luxembourgish (L\u00ebtzebuergesch)<\/p>\n<p><img loading=\"lazy\" decoding=\"async\" style=\"vertical-align: middle;\" src=\"\/\/wordcrex.com\/wp-content\/uploads\/2016\/04\/MAY.png\" width=\"42\" height=\"28\" \/><\/a>\u00a0 Malaysian (Bahasa Melayu)<\/p>\n<p><img loading=\"lazy\" decoding=\"async\" style=\"vertical-align: middle;\" src=\"\/\/wordcrex.com\/wp-content\/uploads\/2016\/04\/NNO.png\" width=\"42\" height=\"28\" \/><\/a>\u00a0 Norwegian (Bokm\u00e5l)<\/p>\n<p><img loading=\"lazy\" decoding=\"async\" style=\"vertical-align: middle;\" src=\"\/\/wordcrex.com\/wp-content\/uploads\/2016\/04\/NNO.png\" width=\"42\" height=\"28\" \/><\/a>\u00a0 Norwegian (NyNorsk)<\/p>\n<p><img loading=\"lazy\" decoding=\"async\" style=\"vertical-align: middle;\" src=\"\/\/wordcrex.com\/wp-content\/uploads\/2016\/04\/POL.png\" width=\"42\" height=\"28\" \/><\/a>\u00a0\u00a0Polish (Polszczyzna)<\/p>\n<p><img loading=\"lazy\" decoding=\"async\" style=\"vertical-align: middle;\" src=\"\/\/wordcrex.com\/wp-content\/uploads\/2016\/04\/POR.png\" width=\"42\" height=\"28\" \/><\/a>\u00a0 Portuguese (Portugu\u00eas)<\/p>\n<p><img loading=\"lazy\" decoding=\"async\" style=\"vertical-align: middle;\" src=\"\/\/wordcrex.com\/wp-content\/uploads\/2016\/04\/RUM.png\" width=\"42\" height=\"28\" \/><\/a>\u00a0 Romanian (Rom\u00e2n\u0103)<\/p>\n<p><img loading=\"lazy\" decoding=\"async\" style=\"vertical-align: middle;\" src=\"\/\/wordcrex.com\/wp-content\/uploads\/2016\/04\/RUS.png\" width=\"42\" height=\"28\" \/><\/a>\u00a0 Russian (\u0420\u0443\u0301\u0441\u0441\u043a\u0438\u0439 \u044f\u0437\u044b\u0301\u043a)<\/p>\n<p><img loading=\"lazy\" decoding=\"async\" style=\"vertical-align: middle;\" src=\"\/\/wordcrex.com\/wp-content\/uploads\/2016\/04\/SLV.png\" width=\"42\" height=\"28\" \/><\/a>\u00a0 Slovenian (Sloven\u0161\u010dina)<\/p>\n<p><img loading=\"lazy\" decoding=\"async\" style=\"vertical-align: middle;\" src=\"\/\/wordcrex.com\/wp-content\/uploads\/2016\/04\/SLK.png\" width=\"42\" height=\"28\" \/><\/a>\u00a0 Slovak (Slovensk\u00fd jazyk)<\/p>\n<p><img loading=\"lazy\" decoding=\"async\" style=\"vertical-align: middle;\" src=\"\/\/wordcrex.com\/wp-content\/uploads\/2016\/04\/SPA.png\" width=\"42\" height=\"28\" \/><\/a>\u00a0 Spanish (Espa\u00f1ol)<\/p>\n<p><img loading=\"lazy\" decoding=\"async\" style=\"vertical-align: middle;\" src=\"\/\/wordcrex.com\/wp-content\/uploads\/2016\/04\/SWE.png\" width=\"42\" height=\"28\" \/><\/a>\u00a0 Swedish (Svenska)<\/p>\n<p><img loading=\"lazy\" decoding=\"async\" style=\"vertical-align: middle;\" src=\"\/\/wordcrex.com\/wp-content\/uploads\/2016\/04\/TUR.png\" width=\"42\" height=\"28\" \/><\/a>\u00a0 Turkish (T\u00fcrk\u00e7e)<\/p>\n<p><img loading=\"lazy\" decoding=\"async\" style=\"vertical-align: middle;\" src=\"\/\/wordcrex.com\/wp-content\/uploads\/2016\/04\/UKR.png\" width=\"42\" height=\"28\" \/><\/a>\u00a0 Ukranian (\u0423\u043a\u0440\u0430\u0457\u0301\u043d\u0441\u044c\u043a\u0430 \u043c\u043e\u0301\u0432\u0430)<\/p>\n<p><\/p>","protected":false},"excerpt":{"rendered":"<p>(Press the flag above for your translations). WordCrex kann in vielen Sprachen gespielt werden. Wir und unsere Partner, um die bestm\u00f6gliche Versorgung der anspruchsvollsten und Spa\u00dfspiel nach den neuesten Regeln und Entwicklungen in jeder Sprache zu schaffen, die wir anbieten. Unser Team ist das Hinzuf\u00fcgen aktiv Worte an unsere W\u00f6rterb\u00fccher die W\u00f6rterb\u00fccher WordCrex so vollst\u00e4ndig wie m\u00f6glich zu machen. WWenn Sie aus irgendeinem Grund denken, dass ein Wort hinzugef\u00fcgt oder aus unserem W\u00f6rterbuch entfernt werden soll, benutzen Sie bitte das Formular. Deine E-Mail: Wort: Wort hinzuf\u00fcgen oder entfernen: Hinzuf\u00fcgen Entfernen Sprache: AfricanArmenianBasqueBrittonicBulgarianCatalanCroatianCzechDanishDutchEnglishEsperantoEstonianFinnishFrenchFriesGaelicGermanGreekHungarianIndonesianIcelandicItalianJapaneseLatvianLithuanianLuxembourgishMalaysianNorwegian BokmalNorwegian NynorskPolishPortugueseRomanianRussianSlovenianSlovakSpanishSwedishTurkishUkranian Kommentar: Wir unterst\u00fctzen die folgenden Sprachen: <\/p>\n","protected":false},"author":1,"featured_media":0,"parent":0,"menu_order":0,"comment_status":"closed","ping_status":"closed","template":"page-parallax.php","meta":{"footnotes":""},"aioseo_notices":[],"_links":{"self":[{"href":"https:\/\/www.wordcrex.com\/de\/wp-json\/wp\/v2\/pages\/878"}],"collection":[{"href":"https:\/\/www.wordcrex.com\/de\/wp-json\/wp\/v2\/pages"}],"about":[{"href":"https:\/\/www.wordcrex.com\/de\/wp-json\/wp\/v2\/types\/page"}],"author":[{"embeddable":true,"href":"https:\/\/www.wordcrex.com\/de\/wp-json\/wp\/v2\/users\/1"}],"replies":[{"embeddable":true,"href":"https:\/\/www.wordcrex.com\/de\/wp-json\/wp\/v2\/comments?post=878"}],"version-history":[{"count":114,"href":"https:\/\/www.wordcrex.com\/de\/wp-json\/wp\/v2\/pages\/878\/revisions"}],"predecessor-version":[{"id":1314,"href":"https:\/\/www.wordcrex.com\/de\/wp-json\/wp\/v2\/pages\/878\/revisions\/1314"}],"wp:attachment":[{"href":"https:\/\/www.wordcrex.com\/de\/wp-json\/wp\/v2\/media?parent=878"}],"curies":[{"name":"wp","href":"https:\/\/api.w.org\/{rel}","templated":true}]}}