{"id":20,"date":"2016-04-15T11:34:09","date_gmt":"2016-04-15T11:34:09","guid":{"rendered":"https:\/\/wordcrex.com\/?page_id=20"},"modified":"2021-01-18T10:48:20","modified_gmt":"2021-01-18T10:48:20","slug":"wordcrex-game-rules","status":"publish","type":"page","link":"https:\/\/www.wordcrex.com\/es\/wordcrex-game-rules\/","title":{"rendered":"Reglas del juego"},"content":{"rendered":"<p><style type=\"text\/css\">\n.qtranxs_widget ul { margin: 0; }\n.qtranxs_widget ul li\n{\ndisplay: inline; \/* horizontal list, use \"list-item\" or other appropriate value for vertical list *\/\nlist-style-type: none; \/* use \"initial\" or other to enable bullets *\/\nmargin: 0 5px 0 0; \/* adjust spacing between items *\/\nopacity: 0.5;\n-o-transition: 1s ease opacity;\n-moz-transition: 1s ease opacity;\n-webkit-transition: 1s ease opacity;\ntransition: 1s ease opacity;\n}\n\/* .qtranxs_widget ul li span { margin: 0 5px 0 0; } *\/ \/* other way to control spacing *\/\n.qtranxs_widget ul li.active { opacity: 0.8; }\n.qtranxs_widget ul li:hover { opacity: 1; }\n.qtranxs_widget img { box-shadow: none; vertical-align: middle; display: initial; }\n.qtranxs_flag { height:12px; width:18px; display:block; }\n.qtranxs_flag_and_text { padding-left:20px; }\n.qtranxs_flag span { display:none; }\n<\/style>\n<div class=\"widget qtranxs_widget\">\n<ul class=\"language-chooser language-chooser-image qtranxs_language_chooser\" id=\"qtranslate--1-chooser\">\n<li class=\"lang-nl\"><a href=\"https:\/\/www.wordcrex.com\/nl\/wp-json\/wp\/v2\/pages\/20\" hreflang=\"nl\" title=\"Nederlands (nl)\" class=\"qtranxs_image qtranxs_image_nl\"><img decoding=\"async\" src=\"https:\/\/www.wordcrex.com\/wp-content\/plugins\/qtranslate-x\/flags\/nl.png\" alt=\"Nederlands (nl)\" \/><span style=\"display:none\">Nederlands<\/span><\/a><\/li>\n<li class=\"lang-en\"><a href=\"https:\/\/www.wordcrex.com\/en\/wp-json\/wp\/v2\/pages\/20\" hreflang=\"en\" title=\"English (en)\" class=\"qtranxs_image qtranxs_image_en\"><img decoding=\"async\" src=\"https:\/\/www.wordcrex.com\/wp-content\/plugins\/qtranslate-x\/flags\/gb.png\" alt=\"English (en)\" \/><span style=\"display:none\">English<\/span><\/a><\/li>\n<li class=\"lang-fr\"><a href=\"https:\/\/www.wordcrex.com\/fr\/wp-json\/wp\/v2\/pages\/20\" hreflang=\"fr\" title=\"Fran\u00e7ais (fr)\" class=\"qtranxs_image qtranxs_image_fr\"><img decoding=\"async\" src=\"https:\/\/www.wordcrex.com\/wp-content\/plugins\/qtranslate-x\/flags\/fr.png\" alt=\"Fran\u00e7ais (fr)\" \/><span style=\"display:none\">Fran\u00e7ais<\/span><\/a><\/li>\n<li class=\"lang-de\"><a href=\"https:\/\/www.wordcrex.com\/de\/wp-json\/wp\/v2\/pages\/20\" hreflang=\"de\" title=\"Deutsch (de)\" class=\"qtranxs_image qtranxs_image_de\"><img decoding=\"async\" src=\"https:\/\/www.wordcrex.com\/wp-content\/plugins\/qtranslate-x\/flags\/de.png\" alt=\"Deutsch (de)\" \/><span style=\"display:none\">Deutsch<\/span><\/a><\/li>\n<li class=\"lang-es active\"><a href=\"https:\/\/www.wordcrex.com\/es\/wp-json\/wp\/v2\/pages\/20\" hreflang=\"es\" title=\"Espa\u00f1ol (es)\" class=\"qtranxs_image qtranxs_image_es\"><img decoding=\"async\" src=\"https:\/\/www.wordcrex.com\/wp-content\/plugins\/qtranslate-x\/flags\/es.png\" alt=\"Espa\u00f1ol (es)\" \/><span style=\"display:none\">Espa\u00f1ol<\/span><\/a><\/li>\n<li class=\"lang-it\"><a href=\"https:\/\/www.wordcrex.com\/it\/wp-json\/wp\/v2\/pages\/20\" hreflang=\"it\" title=\"Italiano (it)\" class=\"qtranxs_image qtranxs_image_it\"><img decoding=\"async\" src=\"https:\/\/www.wordcrex.com\/wp-content\/plugins\/qtranslate-x\/flags\/it.png\" alt=\"Italiano (it)\" \/><span style=\"display:none\">Italiano<\/span><\/a><\/li>\n<li class=\"lang-pt\"><a href=\"https:\/\/www.wordcrex.com\/pt\/wp-json\/wp\/v2\/pages\/20\" hreflang=\"pt\" title=\"Portugu\u00eas (pt)\" class=\"qtranxs_image qtranxs_image_pt\"><img decoding=\"async\" src=\"https:\/\/www.wordcrex.com\/wp-content\/plugins\/qtranslate-x\/flags\/pt.png\" alt=\"Portugu\u00eas (pt)\" \/><span style=\"display:none\">Portugu\u00eas<\/span><\/a><\/li>\n<li class=\"lang-da\"><a href=\"https:\/\/www.wordcrex.com\/da\/wp-json\/wp\/v2\/pages\/20\" hreflang=\"da\" title=\"Dansk (da)\" class=\"qtranxs_image qtranxs_image_da\"><img decoding=\"async\" src=\"https:\/\/www.wordcrex.com\/wp-content\/plugins\/qtranslate-x\/flags\/dk.png\" alt=\"Dansk (da)\" \/><span style=\"display:none\">Dansk<\/span><\/a><\/li>\n<li class=\"lang-sv\"><a href=\"https:\/\/www.wordcrex.com\/sv\/wp-json\/wp\/v2\/pages\/20\" hreflang=\"sv\" title=\"Svenska (sv)\" class=\"qtranxs_image qtranxs_image_sv\"><img decoding=\"async\" src=\"https:\/\/www.wordcrex.com\/wp-content\/plugins\/qtranslate-x\/flags\/se.png\" alt=\"Svenska (sv)\" \/><span style=\"display:none\">Svenska<\/span><\/a><\/li>\n<li class=\"lang-no\"><a href=\"https:\/\/www.wordcrex.com\/no\/wp-json\/wp\/v2\/pages\/20\" hreflang=\"no\" title=\"Norsk (no)\" class=\"qtranxs_image qtranxs_image_no\"><img decoding=\"async\" src=\"https:\/\/www.wordcrex.com\/wp-content\/plugins\/qtranslate-x\/flags\/no.png\" alt=\"Norsk (no)\" \/><span style=\"display:none\">Norsk<\/span><\/a><\/li>\n<li class=\"lang-fy\"><a href=\"https:\/\/www.wordcrex.com\/fy\/wp-json\/wp\/v2\/pages\/20\" hreflang=\"fy\" title=\"Frysk (fy)\" class=\"qtranxs_image qtranxs_image_fy\"><img decoding=\"async\" src=\"https:\/\/www.wordcrex.com\/wp-content\/plugins\/qtranslate-x\/flags\/eu.png\" alt=\"Frysk (fy)\" \/><span style=\"display:none\">Frysk<\/span><\/a><\/li>\n<li class=\"lang-tr\"><a href=\"https:\/\/www.wordcrex.com\/tr\/wp-json\/wp\/v2\/pages\/20\" hreflang=\"tr\" title=\"T\u00fcrk\u00e7e (tr)\" class=\"qtranxs_image qtranxs_image_tr\"><img decoding=\"async\" src=\"https:\/\/www.wordcrex.com\/wp-content\/plugins\/qtranslate-x\/flags\/tr.png\" alt=\"T\u00fcrk\u00e7e (tr)\" \/><span style=\"display:none\">T\u00fcrk\u00e7e<\/span><\/a><\/li>\n<li class=\"lang-el\"><a href=\"https:\/\/www.wordcrex.com\/el\/wp-json\/wp\/v2\/pages\/20\" hreflang=\"el\" title=\"\u0395\u03bb\u03bb\u03b7\u03bd\u03b9\u03ba\u03ac (el)\" class=\"qtranxs_image qtranxs_image_el\"><img decoding=\"async\" src=\"https:\/\/www.wordcrex.com\/wp-content\/plugins\/qtranslate-x\/flags\/gr.png\" alt=\"\u0395\u03bb\u03bb\u03b7\u03bd\u03b9\u03ba\u03ac (el)\" \/><span style=\"display:none\">\u0395\u03bb\u03bb\u03b7\u03bd\u03b9\u03ba\u03ac<\/span><\/a><\/li>\n<li class=\"lang-ru\"><a href=\"https:\/\/www.wordcrex.com\/ru\/wp-json\/wp\/v2\/pages\/20\" hreflang=\"ru\" title=\"\u0420\u0443\u0441\u0441\u043a\u0438\u0439 (ru)\" class=\"qtranxs_image qtranxs_image_ru\"><img decoding=\"async\" src=\"https:\/\/www.wordcrex.com\/wp-content\/plugins\/qtranslate-x\/flags\/ru.png\" alt=\"\u0420\u0443\u0441\u0441\u043a\u0438\u0439 (ru)\" \/><span style=\"display:none\">\u0420\u0443\u0441\u0441\u043a\u0438\u0439<\/span><\/a><\/li>\n<li class=\"lang-pl\"><a href=\"https:\/\/www.wordcrex.com\/pl\/wp-json\/wp\/v2\/pages\/20\" hreflang=\"pl\" title=\"Polszczyzna (pl)\" class=\"qtranxs_image qtranxs_image_pl\"><img decoding=\"async\" src=\"https:\/\/www.wordcrex.com\/wp-content\/plugins\/qtranslate-x\/flags\/pl.png\" alt=\"Polszczyzna (pl)\" \/><span style=\"display:none\">Polszczyzna<\/span><\/a><\/li>\n<li class=\"lang-cz\"><a href=\"https:\/\/www.wordcrex.com\/cz\/wp-json\/wp\/v2\/pages\/20\" hreflang=\"cz\" title=\"\u010ce\u0161tina (cz)\" class=\"qtranxs_image qtranxs_image_cz\"><img decoding=\"async\" src=\"https:\/\/www.wordcrex.com\/wp-content\/plugins\/qtranslate-x\/flags\/cz.png\" alt=\"\u010ce\u0161tina (cz)\" \/><span style=\"display:none\">\u010ce\u0161tina<\/span><\/a><\/li>\n<li class=\"lang-af\"><a href=\"https:\/\/www.wordcrex.com\/af\/wp-json\/wp\/v2\/pages\/20\" hreflang=\"af\" title=\"Afrikaans (af)\" class=\"qtranxs_image qtranxs_image_af\"><img decoding=\"async\" src=\"https:\/\/www.wordcrex.com\/wp-content\/plugins\/qtranslate-x\/flags\/za.png\" alt=\"Afrikaans (af)\" \/><span style=\"display:none\">Afrikaans<\/span><\/a><\/li>\n<\/ul><div class=\"qtranxs_widget_end\"><\/div>\n<\/div><\/p>\n<p><em>(Press the flag above for your translations).<\/em><\/p>\n<p>WordCrex es un juego de palabras multijugador con el principio \u00fanico juego justo. Todos los jugadores jueguen con el mismo conjunto de siete cartas para tener suerte de conseguir las letras correctas para jugar no es un factor m\u00e1s. En cada turno, que tienen el reto de formar palabras con sus siete cartas con el fin de obtener la mayor cantidad de puntos. El tablero de juego consta de 225 plazas. Algunos de ellos son de color y representan diferentes multiplicadores de palabras o letras. Usted gana puntos colocando letras en el tablero para crear una o m\u00e1s palabras adyacentes. El valor de los caracteres utilizados se agrega para arriba. Usted puede conseguir a\u00fan m\u00e1s puntos colocando letras en los multiplicadores.<\/p>\n<p>Multiplicadores.<\/p>\n<p>2L El valor de la carta colocada en esta plaza se multiplica por 2.<\/p>\n<p>4L El valor de la carta colocada en esta plaza se multiplica por 4.<\/p>\n<p>6L El valor de la carta colocada en esta plaza se multiplica por 6.<\/p>\n<p>3W El valor de la palabra con una letra colocada en esta plaza se multiplica por 3.<\/p>\n<p>4W El valor de la palabra con una letra colocada en esta plaza se multiplica por 4.<\/p>\n<p>Si hay una palabra abarca m\u00e1s de un cuadrado con un multiplicador, el valor se multiplica en consecuencia.<\/p>\n<p>Un bono de 100 puntos es recompensado cuando un jugador usa todas las siete cartas en un turno.<\/p>\n<p>En el primer turno, una de las cartas deben estar en el centro del tablero, que tambi\u00e9n cuenta como un multiplicador de 3W.<\/p>\n<p>Cada pr\u00f3xima a su vez nuevas palabras colocadas en el tablero deben conectarse a una carta que ya est\u00e1 colocado en el tablero. Las palabras pueden ser colocados en horizontal o vertical.<\/p>\n<p>Cada jugador recibe los puntos de su propia palabra, pero la palabra del jugador con la puntuaci\u00f3n m\u00e1s alta se coloca en el tablero de juego. Cuando los jugadores tienen la misma puntuaci\u00f3n en un turno se coloca la palabra m\u00e1s r\u00e1pido jugado en el tablero. Las cartas restantes del jugador con la palabra ganadora se completar\u00e1n a siete. Todos los jugadores que siguen desempe\u00f1ando el nuevo giro con esas letras.<\/p>\n<p>El juego termina cuando todas las cartas del juego est\u00e1n reproduciendo o cuando los jugadores tienen que pasar cuando hay menos de siete fichas que quedan. Tambi\u00e9n en un juego de dos jugadores cuando un jugador durante un partido de renuncia o supera el tiempo necesario para que \u00e9l o ella pierde este juego, en un juego de varios jugadores que los otros jugadores pueden jugar.<\/p>\n<p>El jugador con la puntuaci\u00f3n total m\u00e1s alta gana el juego!<\/p>\n<p>Crex en! Y superar la m\u00e1xima puntuaci\u00f3n: <strong>1815<\/strong><\/p>\n<p><em>Nota: La traducci\u00f3n del texto con la ayuda de Google.<\/em><br \/>\n<\/p>","protected":false},"excerpt":{"rendered":"<p>(Press the flag above for your translations). WordCrex es un juego de palabras multijugador con el principio \u00fanico juego justo. Todos los jugadores jueguen con el mismo conjunto de siete cartas para tener suerte de conseguir las letras correctas para jugar no es un factor m\u00e1s. En cada turno, que tienen el reto de formar palabras con sus siete cartas con el fin de obtener la mayor cantidad de puntos. El tablero de juego consta de 225 plazas. Algunos de ellos son de color y representan diferentes multiplicadores de palabras o letras. Usted gana puntos colocando letras en el tablero <\/p>\n","protected":false},"author":1,"featured_media":52,"parent":0,"menu_order":0,"comment_status":"closed","ping_status":"closed","template":"page-parallax.php","meta":{"footnotes":""},"aioseo_notices":[],"_links":{"self":[{"href":"https:\/\/www.wordcrex.com\/es\/wp-json\/wp\/v2\/pages\/20"}],"collection":[{"href":"https:\/\/www.wordcrex.com\/es\/wp-json\/wp\/v2\/pages"}],"about":[{"href":"https:\/\/www.wordcrex.com\/es\/wp-json\/wp\/v2\/types\/page"}],"author":[{"embeddable":true,"href":"https:\/\/www.wordcrex.com\/es\/wp-json\/wp\/v2\/users\/1"}],"replies":[{"embeddable":true,"href":"https:\/\/www.wordcrex.com\/es\/wp-json\/wp\/v2\/comments?post=20"}],"version-history":[{"count":175,"href":"https:\/\/www.wordcrex.com\/es\/wp-json\/wp\/v2\/pages\/20\/revisions"}],"predecessor-version":[{"id":1317,"href":"https:\/\/www.wordcrex.com\/es\/wp-json\/wp\/v2\/pages\/20\/revisions\/1317"}],"wp:featuredmedia":[{"embeddable":true,"href":"https:\/\/www.wordcrex.com\/es\/wp-json\/wp\/v2\/media\/52"}],"wp:attachment":[{"href":"https:\/\/www.wordcrex.com\/es\/wp-json\/wp\/v2\/media?parent=20"}],"curies":[{"name":"wp","href":"https:\/\/api.w.org\/{rel}","templated":true}]}}