{"id":32,"date":"2016-04-15T12:20:11","date_gmt":"2016-04-15T12:20:11","guid":{"rendered":"https:\/\/wordcrex.com\/?page_id=32"},"modified":"2019-08-30T11:17:31","modified_gmt":"2019-08-30T11:17:31","slug":"wordcrex-app-manual","status":"publish","type":"page","link":"https:\/\/www.wordcrex.com\/fr\/wordcrex-app-manual\/","title":{"rendered":"Manuel"},"content":{"rendered":"<p><style type=\"text\/css\">\n.qtranxs_widget ul { margin: 0; }\n.qtranxs_widget ul li\n{\ndisplay: inline; \/* horizontal list, use \"list-item\" or other appropriate value for vertical list *\/\nlist-style-type: none; \/* use \"initial\" or other to enable bullets *\/\nmargin: 0 5px 0 0; \/* adjust spacing between items *\/\nopacity: 0.5;\n-o-transition: 1s ease opacity;\n-moz-transition: 1s ease opacity;\n-webkit-transition: 1s ease opacity;\ntransition: 1s ease opacity;\n}\n\/* .qtranxs_widget ul li span { margin: 0 5px 0 0; } *\/ \/* other way to control spacing *\/\n.qtranxs_widget ul li.active { opacity: 0.8; }\n.qtranxs_widget ul li:hover { opacity: 1; }\n.qtranxs_widget img { box-shadow: none; vertical-align: middle; display: initial; }\n.qtranxs_flag { height:12px; width:18px; display:block; }\n.qtranxs_flag_and_text { padding-left:20px; }\n.qtranxs_flag span { display:none; }\n<\/style>\n<div class=\"widget qtranxs_widget\">\n<ul class=\"language-chooser language-chooser-image qtranxs_language_chooser\" id=\"qtranslate--1-chooser\">\n<li class=\"lang-nl\"><a href=\"https:\/\/www.wordcrex.com\/nl\/wp-json\/wp\/v2\/pages\/32\" hreflang=\"nl\" title=\"Nederlands (nl)\" class=\"qtranxs_image qtranxs_image_nl\"><img decoding=\"async\" src=\"https:\/\/www.wordcrex.com\/wp-content\/plugins\/qtranslate-x\/flags\/nl.png\" alt=\"Nederlands (nl)\" \/><span style=\"display:none\">Nederlands<\/span><\/a><\/li>\n<li class=\"lang-en\"><a href=\"https:\/\/www.wordcrex.com\/en\/wp-json\/wp\/v2\/pages\/32\" hreflang=\"en\" title=\"English (en)\" class=\"qtranxs_image qtranxs_image_en\"><img decoding=\"async\" src=\"https:\/\/www.wordcrex.com\/wp-content\/plugins\/qtranslate-x\/flags\/gb.png\" alt=\"English (en)\" \/><span style=\"display:none\">English<\/span><\/a><\/li>\n<li class=\"lang-fr active\"><a href=\"https:\/\/www.wordcrex.com\/fr\/wp-json\/wp\/v2\/pages\/32\" hreflang=\"fr\" title=\"Fran\u00e7ais (fr)\" class=\"qtranxs_image qtranxs_image_fr\"><img decoding=\"async\" src=\"https:\/\/www.wordcrex.com\/wp-content\/plugins\/qtranslate-x\/flags\/fr.png\" alt=\"Fran\u00e7ais (fr)\" \/><span style=\"display:none\">Fran\u00e7ais<\/span><\/a><\/li>\n<li class=\"lang-de\"><a href=\"https:\/\/www.wordcrex.com\/de\/wp-json\/wp\/v2\/pages\/32\" hreflang=\"de\" title=\"Deutsch (de)\" class=\"qtranxs_image qtranxs_image_de\"><img decoding=\"async\" src=\"https:\/\/www.wordcrex.com\/wp-content\/plugins\/qtranslate-x\/flags\/de.png\" alt=\"Deutsch (de)\" \/><span style=\"display:none\">Deutsch<\/span><\/a><\/li>\n<li class=\"lang-es\"><a href=\"https:\/\/www.wordcrex.com\/es\/wp-json\/wp\/v2\/pages\/32\" hreflang=\"es\" title=\"Espa\u00f1ol (es)\" class=\"qtranxs_image qtranxs_image_es\"><img decoding=\"async\" src=\"https:\/\/www.wordcrex.com\/wp-content\/plugins\/qtranslate-x\/flags\/es.png\" alt=\"Espa\u00f1ol (es)\" \/><span style=\"display:none\">Espa\u00f1ol<\/span><\/a><\/li>\n<li class=\"lang-it\"><a href=\"https:\/\/www.wordcrex.com\/it\/wp-json\/wp\/v2\/pages\/32\" hreflang=\"it\" title=\"Italiano (it)\" class=\"qtranxs_image qtranxs_image_it\"><img decoding=\"async\" src=\"https:\/\/www.wordcrex.com\/wp-content\/plugins\/qtranslate-x\/flags\/it.png\" alt=\"Italiano (it)\" \/><span style=\"display:none\">Italiano<\/span><\/a><\/li>\n<li class=\"lang-pt\"><a href=\"https:\/\/www.wordcrex.com\/pt\/wp-json\/wp\/v2\/pages\/32\" hreflang=\"pt\" title=\"Portugu\u00eas (pt)\" class=\"qtranxs_image qtranxs_image_pt\"><img decoding=\"async\" src=\"https:\/\/www.wordcrex.com\/wp-content\/plugins\/qtranslate-x\/flags\/pt.png\" alt=\"Portugu\u00eas (pt)\" \/><span style=\"display:none\">Portugu\u00eas<\/span><\/a><\/li>\n<li class=\"lang-da\"><a href=\"https:\/\/www.wordcrex.com\/da\/wp-json\/wp\/v2\/pages\/32\" hreflang=\"da\" title=\"Dansk (da)\" class=\"qtranxs_image qtranxs_image_da\"><img decoding=\"async\" src=\"https:\/\/www.wordcrex.com\/wp-content\/plugins\/qtranslate-x\/flags\/dk.png\" alt=\"Dansk (da)\" \/><span style=\"display:none\">Dansk<\/span><\/a><\/li>\n<li class=\"lang-sv\"><a href=\"https:\/\/www.wordcrex.com\/sv\/wp-json\/wp\/v2\/pages\/32\" hreflang=\"sv\" title=\"Svenska (sv)\" class=\"qtranxs_image qtranxs_image_sv\"><img decoding=\"async\" src=\"https:\/\/www.wordcrex.com\/wp-content\/plugins\/qtranslate-x\/flags\/se.png\" alt=\"Svenska (sv)\" \/><span style=\"display:none\">Svenska<\/span><\/a><\/li>\n<li class=\"lang-no\"><a href=\"https:\/\/www.wordcrex.com\/no\/wp-json\/wp\/v2\/pages\/32\" hreflang=\"no\" title=\"Norsk (no)\" class=\"qtranxs_image qtranxs_image_no\"><img decoding=\"async\" src=\"https:\/\/www.wordcrex.com\/wp-content\/plugins\/qtranslate-x\/flags\/no.png\" alt=\"Norsk (no)\" \/><span style=\"display:none\">Norsk<\/span><\/a><\/li>\n<li class=\"lang-fy\"><a href=\"https:\/\/www.wordcrex.com\/fy\/wp-json\/wp\/v2\/pages\/32\" hreflang=\"fy\" title=\"Frysk (fy)\" class=\"qtranxs_image qtranxs_image_fy\"><img decoding=\"async\" src=\"https:\/\/www.wordcrex.com\/wp-content\/plugins\/qtranslate-x\/flags\/eu.png\" alt=\"Frysk (fy)\" \/><span style=\"display:none\">Frysk<\/span><\/a><\/li>\n<li class=\"lang-tr\"><a href=\"https:\/\/www.wordcrex.com\/tr\/wp-json\/wp\/v2\/pages\/32\" hreflang=\"tr\" title=\"T\u00fcrk\u00e7e (tr)\" class=\"qtranxs_image qtranxs_image_tr\"><img decoding=\"async\" src=\"https:\/\/www.wordcrex.com\/wp-content\/plugins\/qtranslate-x\/flags\/tr.png\" alt=\"T\u00fcrk\u00e7e (tr)\" \/><span style=\"display:none\">T\u00fcrk\u00e7e<\/span><\/a><\/li>\n<li class=\"lang-el\"><a href=\"https:\/\/www.wordcrex.com\/el\/wp-json\/wp\/v2\/pages\/32\" hreflang=\"el\" title=\"\u0395\u03bb\u03bb\u03b7\u03bd\u03b9\u03ba\u03ac (el)\" class=\"qtranxs_image qtranxs_image_el\"><img decoding=\"async\" src=\"https:\/\/www.wordcrex.com\/wp-content\/plugins\/qtranslate-x\/flags\/gr.png\" alt=\"\u0395\u03bb\u03bb\u03b7\u03bd\u03b9\u03ba\u03ac (el)\" \/><span style=\"display:none\">\u0395\u03bb\u03bb\u03b7\u03bd\u03b9\u03ba\u03ac<\/span><\/a><\/li>\n<li class=\"lang-ru\"><a href=\"https:\/\/www.wordcrex.com\/ru\/wp-json\/wp\/v2\/pages\/32\" hreflang=\"ru\" title=\"\u0420\u0443\u0441\u0441\u043a\u0438\u0439 (ru)\" class=\"qtranxs_image qtranxs_image_ru\"><img decoding=\"async\" src=\"https:\/\/www.wordcrex.com\/wp-content\/plugins\/qtranslate-x\/flags\/ru.png\" alt=\"\u0420\u0443\u0441\u0441\u043a\u0438\u0439 (ru)\" \/><span style=\"display:none\">\u0420\u0443\u0441\u0441\u043a\u0438\u0439<\/span><\/a><\/li>\n<li class=\"lang-pl\"><a href=\"https:\/\/www.wordcrex.com\/pl\/wp-json\/wp\/v2\/pages\/32\" hreflang=\"pl\" title=\"Polszczyzna (pl)\" class=\"qtranxs_image qtranxs_image_pl\"><img decoding=\"async\" src=\"https:\/\/www.wordcrex.com\/wp-content\/plugins\/qtranslate-x\/flags\/pl.png\" alt=\"Polszczyzna (pl)\" \/><span style=\"display:none\">Polszczyzna<\/span><\/a><\/li>\n<li class=\"lang-cz\"><a href=\"https:\/\/www.wordcrex.com\/cz\/wp-json\/wp\/v2\/pages\/32\" hreflang=\"cz\" title=\"\u010ce\u0161tina (cz)\" class=\"qtranxs_image qtranxs_image_cz\"><img decoding=\"async\" src=\"https:\/\/www.wordcrex.com\/wp-content\/plugins\/qtranslate-x\/flags\/cz.png\" alt=\"\u010ce\u0161tina (cz)\" \/><span style=\"display:none\">\u010ce\u0161tina<\/span><\/a><\/li>\n<li class=\"lang-af\"><a href=\"https:\/\/www.wordcrex.com\/af\/wp-json\/wp\/v2\/pages\/32\" hreflang=\"af\" title=\"Afrikaans (af)\" class=\"qtranxs_image qtranxs_image_af\"><img decoding=\"async\" src=\"https:\/\/www.wordcrex.com\/wp-content\/plugins\/qtranslate-x\/flags\/za.png\" alt=\"Afrikaans (af)\" \/><span style=\"display:none\">Afrikaans<\/span><\/a><\/li>\n<\/ul><div class=\"qtranxs_widget_end\"><\/div>\n<\/div><\/p>\n<p><em>(Press the flag above for your translations).<\/em><\/p>\n<p>WordCrex the fair word game is built to be as easy to use as possible. For your convenience we have added this manual to be sure you take the full advantage of all the available options in the app.<\/p>\n<p><iframe loading=\"lazy\" src=\"https:\/\/www.youtube.com\/embed\/8F1W5cXgOUk\" width=\"560\" height=\"315\" frameborder=\"0\" allowfullscreen=\"allowfullscreen\"><\/iframe><\/p>\n<p><strong>The login screen<\/strong><br \/>\nSign in with your username and password or Facebook account. To create a WordCrex account simply tap the &#8211; create account &#8211; button and choose a username and password and fill in your email address.<br \/>\nIf you forgot username and or password you can tap \u201cForgot password?\u201d on the screen. Fill in your username or email and we will send you instructions. Check spam folder if the email is not appearing in your inbox.<br \/>\nTo change your account settings go to the settings section and follow the procedure. If you still have problems signing in or would like to delete your account contact us at our email address <a href=\"mailto:support@wordcrex.com\">support@wordcrex.com<\/a>.<\/p>\n<p><strong>The central screen<\/strong><br \/>\nHere you can create a new game, see the status of the games you are playing, manage your list of finished games and at the bottom you find the main navigation. To update the game status pull down the screen frequently!! You can delete invitations you have send and finished games by swiping that game. Finished games are automatically removed after one week.<br \/>\nGo directly to a game board by tapping an open game or accepting an invitation.<br \/>\nUse the main navigation bar buttons to navigate to games, friends, statistics, settings and info.<\/p>\n<p><strong>Create a new game<\/strong><br \/>\nTo create a new game tap the yellow &#8211; create a new game &#8211; button. You are prompted to the \u201cCreate a game\u201d screen. Now choose your number of opponents, language you want to play in and turn time. Invite friends for this game by tapping the -Invite friends &#8211; button. Here you choose your opponents from among your WordCrex and Facebook friends and phone contact list. If a phone contact\u2019s email is not yet a known WordCrex player you can invite him to install WordCrex. You can also find a player by using the search bar and search for username or email address. When you create a multiplayer game you can give your game a unique name, tap the &#8211; Finish &#8211; button on the top right and have fun!<br \/>\nStart a game with random opponents by tapping the &#8211; Random opponents \u2013 button. Random players are matched according to strength.<\/p>\n<p><strong>The game board<\/strong><br \/>\nPlace your letters on the game board to score points. After tapping the play button and confirming your turn is final (you can set the confirm play on\/off in the settings section).<br \/>\nUse the shuffle button to mix the letters.<br \/>\nPass your turn by tapping the pass (\/) button. When a letter is placed the shuffle button turns into a clear (x) button to take back your letters to the tray.<br \/>\nWhen you tap the more button (\u2026) you can customize your game board by choosing your favorite color and you can resign.<br \/>\nStart a chat with the chat button.<br \/>\nYou can see a game summary by tapping the scoreboard on top of the screen.<\/p>\n<p><strong>The main navigation<\/strong><br \/>\nAt the bottom of the central screen you find the main navigation. Here you can navigate to the games, friends, statistics, settings and info sections.<\/p>\n<p><strong>Friends<\/strong><br \/>\nGives you direct access to your WordCrex friends. You can search, add, block (unblock them using the \u201cBlocked users\u201d screen available at the settings menu) and delete your friends.<br \/>\nAlso you can invite friends for a new game.<br \/>\nTap the name of your WordCrex friend with his or her strength (number of yellow Crexes, the Crex is a bird) below it to see your friends statistics.<\/p>\n<p><strong>Statistics<\/strong><br \/>\nYou have a lot of free statistics like largest word and highest score to improve and compare. Wins, losses and draws are used to determine your strength indicated by the number of Crexes. The strength of a player is indicated with a number which is converted in a number of Crexes (birds). The strength is measured with an algorithm that is based on the idea that you get more points for a victory if you win from somebody who is stronger then when somebody is weaker. The intervals are < 1200 = 1 Crex \/ 1200 - 1499 = 2 Crexes \/ 1500 - 1799 = 3 Crexes \/ 1800 - 2099 = 4 Crexes \/ 2100 > = 5 Crexes. Crex it on!<\/p>\n<p><strong>Settings<\/strong><br \/>\nHere you can change your account details. Username, email, password and picture are available for change by typing new ones in the appearing boxes and select existing photos on your phone.<br \/>\nYou can also set your default language, this will set every new game in the language chosen here, you can change this per game in the \u201cCreate a game\u201d screen.<br \/>\nConfirm play switched on gives you a confirmation popup after every turn.<br \/>\nIf you want to get rid of the ads tap the &#8211; Remove ads &#8211; button (payed service). When you install WordCrex on another device use the restore button if the adds reappear.<br \/>\nTap the &#8211; blocked users &#8211; button to open the \u201cBlocked users\u201d screen that gives an overview of your blocked users. Unblock players by tapping the &#8211; unblock &#8211; button next to the name of the player.<br \/>\nSign out with your current account by tapping the &#8211; Sign out \u2013 button.<\/p>\n<p><strong>Info<\/strong><br \/>\nHere you find the game rules, manual, some documents and other useful information about WordCrex the fair word game.<\/p>\n<p>That\u2019s it. Have fun and if you have any further questions or need more info please check our website www.wordcrex.com.<\/p>\n<p><em>(Press the flag above for your translations).<\/em><\/p>\n<p>WordCrex le jeu de mot juste est construit pour \u00eatre aussi facile \u00e0 utiliser que possible. Pour votre commodit\u00e9, nous avons ajout\u00e9 ce manuel pour \u00eatre s\u00fbr que vous prenez le plein avantage de toutes les options disponibles dans l&rsquo;application.<\/p>\n<p><iframe loading=\"lazy\" src=\"https:\/\/www.youtube.com\/embed\/TQ5eb3yPA7Q\" width=\"560\" height=\"315\" frameborder=\"0\" allowfullscreen=\"allowfullscreen\"><\/iframe><\/p>\n<p>L&rsquo;\u00e9cran de connexion<br \/>\nConnectez-vous avec votre nom d&rsquo;utilisateur et mot de passe ou d&rsquo;un compte Facebook. Pour cr\u00e9er un compte WordCrex appuyez simplement sur le &#8211; cr\u00e9er un compte &#8211; bouton et choisissez un nom d&rsquo;utilisateur et mot de passe et remplir votre adresse e-mail.<br \/>\nSi vous avez oubli\u00e9 le nom d&rsquo;utilisateur et mot de passe ou vous pouvez appuyer sur \u00ab\u00a0Mot de passe oubli\u00e9?\u00bb Sur l&rsquo;\u00e9cran. Remplissez votre nom d&rsquo;utilisateur ou e-mail et nous vous ferons parvenir des instructions. V\u00e9rifiez le dossier spam si le courriel n&rsquo;appara\u00eet pas dans votre bo\u00eete de r\u00e9ception.<br \/>\nPour modifier vos param\u00e8tres de compte aller \u00e0 la section Param\u00e8tres et suivez la proc\u00e9dure. Si vous avez encore des probl\u00e8mes pour vous connecter ou si vous souhaitez supprimer votre compte, contactez-nous \u00e0 notre adresse e-mail <a href=\"mailto:support@wordcrex.com\">support@wordcrex.com<\/a>..<\/p>\n<p>L&rsquo;\u00e9cran central<br \/>\nIci, vous pouvez cr\u00e9er un nouveau jeu, voir l&rsquo;\u00e9tat des jeux que vous jouez, g\u00e9rer votre liste de jeux finis et en bas, vous trouverez la navigation principale. Pour mettre \u00e0 jour le statut de jeu, tirer vers le bas l&rsquo;\u00e9cran fr\u00e9quemment !! Vous pouvez supprimer les invitations que vous avez envoy\u00e9s et des jeux finis en faisant glisser ce jeu. jeux finis sont automatiquement supprim\u00e9s apr\u00e8s une semaine.<br \/>\nAller directement \u00e0 un plateau de jeu en tapant un jeu ouvert ou d&rsquo;accepter une invitation.<br \/>\nUtilisez les principaux boutons de la barre de navigation pour acc\u00e9der \u00e0 des jeux, des amis, des statistiques, des param\u00e8tres et des informations.<\/p>\n<p>Cr\u00e9er un nouveau jeu<br \/>\nPour cr\u00e9er un nouveau jeu robinet jaune &#8211; cr\u00e9er un nouveau jeu &#8211; bouton. Vous \u00eates invit\u00e9 \u00e0 l&rsquo;\u00e9cran \u00ab\u00a0Cr\u00e9er un jeu\u00a0\u00bb. Maintenant, choisissez votre nombre d&rsquo;adversaires, la langue que vous voulez jouer et tourner le temps. Invitez vos amis pour ce jeu en appuyant sur le -inviter amis &#8211; bouton. Ici, vous choisissez vos adversaires parmi vos amis WordCrex et Facebook et liste des contacts du t\u00e9l\u00e9phone. Si l&rsquo;e-mail d&rsquo;un contact t\u00e9l\u00e9phonique est pas encore un joueur WordCrex connu, vous pouvez l&rsquo;inviter \u00e0 installer WordCrex. Vous pouvez \u00e9galement trouver un joueur en utilisant la barre de recherche et de recherche pour le nom d&rsquo;utilisateur ou adresse e-mail. Lorsque vous cr\u00e9ez un jeu multijoueur que vous pouvez donner \u00e0 votre jeu un nom unique, appuyez sur le &#8211; Terminer &#8211; bouton en haut \u00e0 droite et amusez-vous!<br \/>\nD\u00e9marrer un jeu avec des adversaires al\u00e9atoires en tapant sur le &#8211; adversaires al\u00e9atoires &#8211; bouton. joueurs au hasard sont appari\u00e9s selon la force.<\/p>\n<p>Le plateau de jeu<br \/>\nPlacez vos lettres sur le plateau de jeu pour marquer des points. Apr\u00e8s avoir appuy\u00e9 sur le bouton de lecture et en confirmant votre tour est d\u00e9finitif (vous pouvez d\u00e9finir le jeu de confirmation on \/ off dans la section Param\u00e8tres).<br \/>\nUtilisez le bouton de lecture al\u00e9atoire pour m\u00e9langer les lettres.<br \/>\nPassez votre tour en appuyant sur le bouton de passe (\/). Lorsqu&rsquo;une lettre est plac\u00e9e sur le bouton de lecture al\u00e9atoire se transforme en un bouton clair (x) de reprendre vos lettres sur le plateau.<br \/>\nLorsque vous appuyez sur le bouton plus (&#8230;) vous pouvez personnaliser votre plateau de jeu en choisissant votre couleur pr\u00e9f\u00e9r\u00e9e et vous pouvez d\u00e9missionner.<br \/>\nD\u00e9marrer une conversation avec le bouton de chat.<br \/>\nVous pouvez voir un r\u00e9sum\u00e9 du jeu en appuyant sur le tableau de bord au-dessus de l&rsquo;\u00e9cran.<\/p>\n<p>La navigation principale<br \/>\nAu bas de l&rsquo;\u00e9cran central, vous trouverez la navigation principale. Ici, vous pouvez naviguer vers les jeux, les amis, les statistiques, les param\u00e8tres et les sections d&rsquo;information.<\/p>\n<p>copains<br \/>\nVous donne un acc\u00e8s direct \u00e0 vos amis WordCrex. Vous pouvez rechercher, ajouter, bloc (les d\u00e9bloquer en utilisant l&rsquo;\u00e9cran \u00ab\u00a0utilisateurs bloqu\u00e9s\u00a0\u00bb disponible dans le menu des param\u00e8tres) et supprimer vos amis.<br \/>\nAussi, vous pouvez inviter des amis pour un nouveau jeu.<br \/>\nTapez le nom de votre ami WordCrex avec sa force (nombre de Crexes jaunes, l&rsquo;Crex est un oiseau) ci-dessous pour voir vos amis statistiques.<\/p>\n<p>Statistiques<br \/>\nVous avez beaucoup de statistiques gratuites comme le plus grand mot et le plus haut score pour am\u00e9liorer et comparer. Les gains, pertes et tirages sont utilis\u00e9s pour d\u00e9terminer votre force indiqu\u00e9e par le nombre de Crexes. La force d&rsquo;un joueur est indiqu\u00e9e par un nombre qui est converti en un certain nombre de cr\u00e9xes (oiseaux). La force est mesur\u00e9e avec un algorithme qui est bas\u00e9 sur l&rsquo;id\u00e9e que vous obtenez plus de points pour une victoire si vous gagnez \u00e0 partir de quelqu&rsquo;un qui est plus fort que lorsque quelqu&rsquo;un est plus faible. Les intervalles sont <1200 = 1 Crex \/ 1200 - 1499 = 2 Crexes \/ 1500 - 1799 = 3 Crexes \/ 1800 - 2099 = 4 Crexes \/ 2100> = 5 Crexes. <\/p>\n<p>Param\u00e8tres<br \/>\nIci, vous pouvez modifier les d\u00e9tails de votre compte. Nom d&rsquo;utilisateur, email, mot de passe et de l&rsquo;image sont disponibles pour le changement en tapant de nouvelles dans les cases qui apparaissent et s\u00e9lectionner des photos existantes sur votre t\u00e9l\u00e9phone.<br \/>\nVous pouvez \u00e9galement d\u00e9finir votre langue par d\u00e9faut, cela va cr\u00e9er chaque nouveau jeu dans la langue choisie ici, vous pouvez modifier ce par match dans l&rsquo;\u00e9cran \u00ab\u00a0Cr\u00e9er un jeu\u00a0\u00bb.<br \/>\nConfirmer le jeu allum\u00e9 vous donne une fen\u00eatre de confirmation apr\u00e8s chaque tour.<br \/>\nSi vous voulez vous d\u00e9barrasser des annonces appuyez sur le &#8211; Supprimer les annonces &#8211; bouton (service pay\u00e9).<br \/>\nAppuyez sur le &#8211; bloqu\u00e9 utilisateurs &#8211; bouton pour ouvrir l&rsquo;\u00e9cran \u00ab\u00a0Les utilisateurs bloqu\u00e9s\u00a0\u00bb qui donne un aper\u00e7u de vos utilisateurs bloqu\u00e9s. D\u00e9bloquer les joueurs en tapant sur le &#8211; d\u00e9bloquer &#8211; bouton \u00e0 c\u00f4t\u00e9 du nom du joueur.<br \/>\nConnectez-vous avec votre compte courant en appuyant sur le &#8211; D\u00e9connexion &#8211; bouton.<\/p>\n<p>Info<br \/>\nVous trouverez ici les r\u00e8gles du jeu, manuel, certains documents et d&rsquo;autres informations utiles sur WordCrex le mot du jeu \u00e9quitable.<br \/>\nC&rsquo;est tout. Amusez-vous et si vous avez d&rsquo;autres questions ou besoin de plus d&rsquo;informations s&rsquo;il vous pla\u00eet consulter notre site Web www.wordcrex.com.<\/p>\n<p><em>Note: La traduction du texte avec l&rsquo;aide de Google.<\/em><br \/>\n<\/p>","protected":false},"excerpt":{"rendered":"<p>(Press the flag above for your translations). WordCrex the fair word game is built to be as easy to use as possible. For your convenience we have added this manual to be sure you take the full advantage of all the available options in the app. The login screen Sign in with your username and password or Facebook account. To create a WordCrex account simply tap the &#8211; create account &#8211; button and choose a username and password and fill in your email address. If you forgot username and or password you can tap \u201cForgot password?\u201d on the screen. Fill <\/p>\n","protected":false},"author":1,"featured_media":52,"parent":0,"menu_order":0,"comment_status":"closed","ping_status":"closed","template":"page-parallax.php","meta":{"footnotes":""},"aioseo_notices":[],"_links":{"self":[{"href":"https:\/\/www.wordcrex.com\/fr\/wp-json\/wp\/v2\/pages\/32"}],"collection":[{"href":"https:\/\/www.wordcrex.com\/fr\/wp-json\/wp\/v2\/pages"}],"about":[{"href":"https:\/\/www.wordcrex.com\/fr\/wp-json\/wp\/v2\/types\/page"}],"author":[{"embeddable":true,"href":"https:\/\/www.wordcrex.com\/fr\/wp-json\/wp\/v2\/users\/1"}],"replies":[{"embeddable":true,"href":"https:\/\/www.wordcrex.com\/fr\/wp-json\/wp\/v2\/comments?post=32"}],"version-history":[{"count":136,"href":"https:\/\/www.wordcrex.com\/fr\/wp-json\/wp\/v2\/pages\/32\/revisions"}],"predecessor-version":[{"id":1282,"href":"https:\/\/www.wordcrex.com\/fr\/wp-json\/wp\/v2\/pages\/32\/revisions\/1282"}],"wp:featuredmedia":[{"embeddable":true,"href":"https:\/\/www.wordcrex.com\/fr\/wp-json\/wp\/v2\/media\/52"}],"wp:attachment":[{"href":"https:\/\/www.wordcrex.com\/fr\/wp-json\/wp\/v2\/media?parent=32"}],"curies":[{"name":"wp","href":"https:\/\/api.w.org\/{rel}","templated":true}]}}