{"id":32,"date":"2016-04-15T12:20:11","date_gmt":"2016-04-15T12:20:11","guid":{"rendered":"https:\/\/wordcrex.com\/?page_id=32"},"modified":"2019-08-30T11:17:31","modified_gmt":"2019-08-30T11:17:31","slug":"wordcrex-app-manual","status":"publish","type":"page","link":"https:\/\/www.wordcrex.com\/no\/wordcrex-app-manual\/","title":{"rendered":"H\u00e5ndbok"},"content":{"rendered":"<p><br \/>\n<em>(Press the flag above for your translations).<\/em><\/p>\n<p>WordCrex virkelig ordet spillet er bygget for \u00e5 v\u00e6re like enkel \u00e5 bruke som mulig. For enkelhets skyld har vi lagt til denne h\u00e5ndboken for \u00e5 v\u00e6re sikker p\u00e5 at du tar full nytte av alle de tilgjengelige alternativene i programmet.<\/p>\n<p><iframe loading=\"lazy\" src=\"https:\/\/www.youtube.com\/embed\/8F1W5cXgOUk\" width=\"560\" height=\"315\" frameborder=\"0\" allowfullscreen=\"allowfullscreen\"><\/iframe><\/p>\n<p>Den innloggingsbildet<br \/>\nLogg deg p\u00e5 med brukernavn og passord eller Facebook-konto. For \u00e5 opprette en WordCrex konto bare trykke p\u00e5 &#8211; registrer deg &#8211; knappen og velg et brukernavn og passord, og fyll inn din e-postadresse.<br \/>\nHvis du har glemt brukernavn og passord som du kan trykke p\u00e5 &#8220;Glemt passord?&#8221; P\u00e5 skjermen. Fyll inn ditt brukernavn eller e-post og vi vil sende deg instruksjoner. Sjekk spam-mappen om e-posten ikke vises i innboksen din.<br \/>\nFor \u00e5 endre kontoinnstillingene g\u00e5 til innstillinger delen og f\u00f8lg prosedyren. Hvis du fortsatt har problemer med \u00e5 logge inn kontakt oss p\u00e5 v\u00e5r e-postadresse <a href=\"mailto:support@wordcrex.com\">support@wordcrex.com<\/a>..<\/p>\n<p>Den sentrale skjermen<br \/>\nHer kan du lage et nytt spill, se statusen til de spillene du spiller, administrere listen over ferdige spill og nederst du hovednavigasjon. For \u00e5 oppdatere spillet status, trekke ned skjermen ofte !! Du kan slette invitasjoner du har sender og ferdige spill ved \u00e5 sveipe det spillet. Ferdige spill blir automatisk fjernet etter en uke.<br \/>\nG\u00e5 direkte til en spillbrettet ved \u00e5 trykke p\u00e5 en \u00e5pen kamp eller akseptere en invitasjon.<br \/>\nBruk hoved navigasjonsmenyen for \u00e5 navigere til spill, venner, statistikk, innstillinger og info.<\/p>\n<p>Opprett et nytt spill<br \/>\nFor \u00e5 lage et nytt spill fra springen gult &#8211; lage et nytt spill &#8211; knappen. Du blir bedt om \u00e5 &#8220;Lag et spill&#8221; skjerm. N\u00e5 velger din antall motstandere, til spr\u00e5ket du vil spille inn og snu tid. Inviter venner til dette spillet ved \u00e5 trykke p\u00e5 -Invite venner &#8211; knappen. Her velger du dine motstandere blant dine WordCrex og Facebook-venner og telefonen kontaktlisten. Hvis en telefonkontakt e er enn\u00e5 ikke kjent WordCrex spiller du kan invitere ham til \u00e5 installere WordCrex. Du kan ogs\u00e5 finne en spiller ved \u00e5 bruke s\u00f8kefeltet og s\u00f8ke etter brukernavn eller e-postadresse. N\u00e5r du oppretter et flerspillerspill kan du gi spillet et unikt navn, trykker du p\u00e5 &#8211; Finish &#8211; knappen \u00f8verst til h\u00f8yre og ha det g\u00f8y!<br \/>\nStarte et spill med tilfeldige motstandere ved \u00e5 trykke p\u00e5 &#8211; Tilfeldige motstandere &#8211; knappen. Tilfeldige spillere er matchet i henhold til styrke.<\/p>\n<p>Spillebrettet<br \/>\nPlasser bokstaver p\u00e5 brettet for \u00e5 score poeng. Etter \u00e5 trykke p\u00e5 play-knappen og bekrefter din tur er endelig (du kan sette bekrefte play on \/ off i Innstillinger).<br \/>\nBruk shuffle knappen for \u00e5 blande bokstavene.<br \/>\nPass din tur ved \u00e5 trykke p\u00e5 (\/) -knappen pass. N\u00e5r en bokstav er plassert p\u00e5 shuffle knappen blir til en klar knapp (x) for \u00e5 ta tilbake brevene til skuffen.<br \/>\nN\u00e5r du trykker p\u00e5 mer knappen (&#8230;) kan du tilpasse spillbrettet ved \u00e5 velge din favoritt farge, og du kan g\u00e5 av.<br \/>\nStart en prat med chat-knappen.<br \/>\nDu kan se en kamp oppsummering ved \u00e5 trykke p\u00e5 resultattavlen p\u00e5 toppen av skjermen.<\/p>\n<p>Den hovednavigasjon<br \/>\nP\u00e5 bunnen av den sentrale skjermen finner den hovednavigasjons. Her kan du navigere til spill, venner, statistikk, innstillinger og info seksjoner.<\/p>\n<p>venner<br \/>\nGir deg direkte tilgang til dine WordCrex venner. Du kan s\u00f8ke, legge til, blokk (fjerne blokkeringen ved hjelp av &#8220;Blokkerte brukere&#8221; skjerm tilgjengelig p\u00e5 innstillingsmenyen) og slette dine venner.<br \/>\nOgs\u00e5 du kan invitere venner til et nytt spill.<br \/>\nKlikk p\u00e5 navnet ditt WordCrex venn med hans eller hennes styrke (antall gule Crexes er Crex en fugl) under den for \u00e5 se dine venners statistikk.<\/p>\n<p>Statistikk<br \/>\nDu har en rekke gratis statistikk som st\u00f8rste ord og h\u00f8yest score for \u00e5 forbedre og sammenligne. Gevinster, tap og uavgjorte brukes til \u00e5 bestemme din styrke angis med antall Crexes.<\/p>\n<p>innstillinger<br \/>\nHer kan du endre kontoinformasjonen din. Brukernavn, e-post, passord og bildet er tilgjengelig for endring ved \u00e5 skrive nye i de dukker opp bokser og velge eksisterende bilder p\u00e5 telefonen.<br \/>\nDu kan ogs\u00e5 stille inn standardspr\u00e5k, dette vil sette alle nye spill i det spr\u00e5ket du valgte her, du kan endre dette per kamp i \u00abOpprett et spill&#8221; skjerm.<br \/>\nBekreft spill sl\u00e5tt p\u00e5 gir deg en bekreftelse popup etter hver sving.<br \/>\nHvis du \u00f8nsker \u00e5 bli kvitt annonsene trykke p\u00e5 &#8211; Fjern annonser &#8211; knappen (betalt tjeneste).<br \/>\nTrykk p\u00e5 &#8211; blokkert brukere &#8211; knappen for \u00e5 \u00e5pne &#8220;Blokkerte brukere&#8221; skjerm som gir en oversikt over dine blokkerte brukere. Unblock spillere ved \u00e5 peke p\u00e5 &#8211; Fjern &#8211; knappen ved siden av navnet p\u00e5 spilleren.<br \/>\nLogg av med din eksisterende konto ved \u00e5 trykke p\u00e5 &#8211; Logg ut &#8211; knappen.<\/p>\n<p>info<br \/>\nHer finner du spillereglene, manuelle, noen dokumenter og annen nyttig informasjon om WordCrex messen ordspillet.<br \/>\nDet er det. Ha det g\u00f8y, og hvis du har flere sp\u00f8rsm\u00e5l eller trenger mer informasjon vennligst se v\u00e5r hjemmeside www.wordcrex.com.<\/p>\n<p><em>Merk: Tekst oversettelse ved hjelp av Google.<\/em><\/p>\n<p><\/p>","protected":false},"excerpt":{"rendered":"<p>(Press the flag above for your translations). WordCrex virkelig ordet spillet er bygget for \u00e5 v\u00e6re like enkel \u00e5 bruke som mulig. For enkelhets skyld har vi lagt til denne h\u00e5ndboken for \u00e5 v\u00e6re sikker p\u00e5 at du tar full nytte av alle de tilgjengelige alternativene i programmet. Den innloggingsbildet Logg deg p\u00e5 med brukernavn og passord eller Facebook-konto. For \u00e5 opprette en WordCrex konto bare trykke p\u00e5 &#8211; registrer deg &#8211; knappen og velg et brukernavn og passord, og fyll inn din e-postadresse. Hvis du har glemt brukernavn og passord som du kan trykke p\u00e5 &#8220;Glemt passord?&#8221; P\u00e5 skjermen. <\/p>\n","protected":false},"author":1,"featured_media":52,"parent":0,"menu_order":0,"comment_status":"closed","ping_status":"closed","template":"page-parallax.php","meta":{"footnotes":""},"aioseo_notices":[],"_links":{"self":[{"href":"https:\/\/www.wordcrex.com\/no\/wp-json\/wp\/v2\/pages\/32"}],"collection":[{"href":"https:\/\/www.wordcrex.com\/no\/wp-json\/wp\/v2\/pages"}],"about":[{"href":"https:\/\/www.wordcrex.com\/no\/wp-json\/wp\/v2\/types\/page"}],"author":[{"embeddable":true,"href":"https:\/\/www.wordcrex.com\/no\/wp-json\/wp\/v2\/users\/1"}],"replies":[{"embeddable":true,"href":"https:\/\/www.wordcrex.com\/no\/wp-json\/wp\/v2\/comments?post=32"}],"version-history":[{"count":136,"href":"https:\/\/www.wordcrex.com\/no\/wp-json\/wp\/v2\/pages\/32\/revisions"}],"predecessor-version":[{"id":1282,"href":"https:\/\/www.wordcrex.com\/no\/wp-json\/wp\/v2\/pages\/32\/revisions\/1282"}],"wp:featuredmedia":[{"embeddable":true,"href":"https:\/\/www.wordcrex.com\/no\/wp-json\/wp\/v2\/media\/52"}],"wp:attachment":[{"href":"https:\/\/www.wordcrex.com\/no\/wp-json\/wp\/v2\/media?parent=32"}],"curies":[{"name":"wp","href":"https:\/\/api.w.org\/{rel}","templated":true}]}}