{"id":288,"date":"2016-04-19T11:59:52","date_gmt":"2016-04-19T11:59:52","guid":{"rendered":"https:\/\/wordcrex.com\/?page_id=288"},"modified":"2019-09-02T11:16:23","modified_gmt":"2019-09-02T11:16:23","slug":"about","status":"publish","type":"page","link":"https:\/\/www.wordcrex.com\/pl\/about\/","title":{"rendered":"FAQ"},"content":{"rendered":"<p><style type=\"text\/css\">\n.qtranxs_widget ul { margin: 0; }\n.qtranxs_widget ul li\n{\ndisplay: inline; \/* horizontal list, use \"list-item\" or other appropriate value for vertical list *\/\nlist-style-type: none; \/* use \"initial\" or other to enable bullets *\/\nmargin: 0 5px 0 0; \/* adjust spacing between items *\/\nopacity: 0.5;\n-o-transition: 1s ease opacity;\n-moz-transition: 1s ease opacity;\n-webkit-transition: 1s ease opacity;\ntransition: 1s ease opacity;\n}\n\/* .qtranxs_widget ul li span { margin: 0 5px 0 0; } *\/ \/* other way to control spacing *\/\n.qtranxs_widget ul li.active { opacity: 0.8; }\n.qtranxs_widget ul li:hover { opacity: 1; }\n.qtranxs_widget img { box-shadow: none; vertical-align: middle; display: initial; }\n.qtranxs_flag { height:12px; width:18px; display:block; }\n.qtranxs_flag_and_text { padding-left:20px; }\n.qtranxs_flag span { display:none; }\n<\/style>\n<div class=\"widget qtranxs_widget\">\n<ul class=\"language-chooser language-chooser-image qtranxs_language_chooser\" id=\"qtranslate--1-chooser\">\n<li class=\"lang-nl\"><a href=\"https:\/\/www.wordcrex.com\/nl\/wp-json\/wp\/v2\/pages\/288\" hreflang=\"nl\" title=\"Nederlands (nl)\" class=\"qtranxs_image qtranxs_image_nl\"><img decoding=\"async\" src=\"https:\/\/www.wordcrex.com\/wp-content\/plugins\/qtranslate-x\/flags\/nl.png\" alt=\"Nederlands (nl)\" \/><span style=\"display:none\">Nederlands<\/span><\/a><\/li>\n<li class=\"lang-en\"><a href=\"https:\/\/www.wordcrex.com\/en\/wp-json\/wp\/v2\/pages\/288\" hreflang=\"en\" title=\"English (en)\" class=\"qtranxs_image qtranxs_image_en\"><img decoding=\"async\" src=\"https:\/\/www.wordcrex.com\/wp-content\/plugins\/qtranslate-x\/flags\/gb.png\" alt=\"English (en)\" \/><span style=\"display:none\">English<\/span><\/a><\/li>\n<li class=\"lang-fr\"><a href=\"https:\/\/www.wordcrex.com\/fr\/wp-json\/wp\/v2\/pages\/288\" hreflang=\"fr\" title=\"Fran\u00e7ais (fr)\" class=\"qtranxs_image qtranxs_image_fr\"><img decoding=\"async\" src=\"https:\/\/www.wordcrex.com\/wp-content\/plugins\/qtranslate-x\/flags\/fr.png\" alt=\"Fran\u00e7ais (fr)\" \/><span style=\"display:none\">Fran\u00e7ais<\/span><\/a><\/li>\n<li class=\"lang-de\"><a href=\"https:\/\/www.wordcrex.com\/de\/wp-json\/wp\/v2\/pages\/288\" hreflang=\"de\" title=\"Deutsch (de)\" class=\"qtranxs_image qtranxs_image_de\"><img decoding=\"async\" src=\"https:\/\/www.wordcrex.com\/wp-content\/plugins\/qtranslate-x\/flags\/de.png\" alt=\"Deutsch (de)\" \/><span style=\"display:none\">Deutsch<\/span><\/a><\/li>\n<li class=\"lang-es\"><a href=\"https:\/\/www.wordcrex.com\/es\/wp-json\/wp\/v2\/pages\/288\" hreflang=\"es\" title=\"Espa\u00f1ol (es)\" class=\"qtranxs_image qtranxs_image_es\"><img decoding=\"async\" src=\"https:\/\/www.wordcrex.com\/wp-content\/plugins\/qtranslate-x\/flags\/es.png\" alt=\"Espa\u00f1ol (es)\" \/><span style=\"display:none\">Espa\u00f1ol<\/span><\/a><\/li>\n<li class=\"lang-it\"><a href=\"https:\/\/www.wordcrex.com\/it\/wp-json\/wp\/v2\/pages\/288\" hreflang=\"it\" title=\"Italiano (it)\" class=\"qtranxs_image qtranxs_image_it\"><img decoding=\"async\" src=\"https:\/\/www.wordcrex.com\/wp-content\/plugins\/qtranslate-x\/flags\/it.png\" alt=\"Italiano (it)\" \/><span style=\"display:none\">Italiano<\/span><\/a><\/li>\n<li class=\"lang-pt\"><a href=\"https:\/\/www.wordcrex.com\/pt\/wp-json\/wp\/v2\/pages\/288\" hreflang=\"pt\" title=\"Portugu\u00eas (pt)\" class=\"qtranxs_image qtranxs_image_pt\"><img decoding=\"async\" src=\"https:\/\/www.wordcrex.com\/wp-content\/plugins\/qtranslate-x\/flags\/pt.png\" alt=\"Portugu\u00eas (pt)\" \/><span style=\"display:none\">Portugu\u00eas<\/span><\/a><\/li>\n<li class=\"lang-da\"><a href=\"https:\/\/www.wordcrex.com\/da\/wp-json\/wp\/v2\/pages\/288\" hreflang=\"da\" title=\"Dansk (da)\" class=\"qtranxs_image qtranxs_image_da\"><img decoding=\"async\" src=\"https:\/\/www.wordcrex.com\/wp-content\/plugins\/qtranslate-x\/flags\/dk.png\" alt=\"Dansk (da)\" \/><span style=\"display:none\">Dansk<\/span><\/a><\/li>\n<li class=\"lang-sv\"><a href=\"https:\/\/www.wordcrex.com\/sv\/wp-json\/wp\/v2\/pages\/288\" hreflang=\"sv\" title=\"Svenska (sv)\" class=\"qtranxs_image qtranxs_image_sv\"><img decoding=\"async\" src=\"https:\/\/www.wordcrex.com\/wp-content\/plugins\/qtranslate-x\/flags\/se.png\" alt=\"Svenska (sv)\" \/><span style=\"display:none\">Svenska<\/span><\/a><\/li>\n<li class=\"lang-no\"><a href=\"https:\/\/www.wordcrex.com\/no\/wp-json\/wp\/v2\/pages\/288\" hreflang=\"no\" title=\"Norsk (no)\" class=\"qtranxs_image qtranxs_image_no\"><img decoding=\"async\" src=\"https:\/\/www.wordcrex.com\/wp-content\/plugins\/qtranslate-x\/flags\/no.png\" alt=\"Norsk (no)\" \/><span style=\"display:none\">Norsk<\/span><\/a><\/li>\n<li class=\"lang-fy\"><a href=\"https:\/\/www.wordcrex.com\/fy\/wp-json\/wp\/v2\/pages\/288\" hreflang=\"fy\" title=\"Frysk (fy)\" class=\"qtranxs_image qtranxs_image_fy\"><img decoding=\"async\" src=\"https:\/\/www.wordcrex.com\/wp-content\/plugins\/qtranslate-x\/flags\/eu.png\" alt=\"Frysk (fy)\" \/><span style=\"display:none\">Frysk<\/span><\/a><\/li>\n<li class=\"lang-tr\"><a href=\"https:\/\/www.wordcrex.com\/tr\/wp-json\/wp\/v2\/pages\/288\" hreflang=\"tr\" title=\"T\u00fcrk\u00e7e (tr)\" class=\"qtranxs_image qtranxs_image_tr\"><img decoding=\"async\" src=\"https:\/\/www.wordcrex.com\/wp-content\/plugins\/qtranslate-x\/flags\/tr.png\" alt=\"T\u00fcrk\u00e7e (tr)\" \/><span style=\"display:none\">T\u00fcrk\u00e7e<\/span><\/a><\/li>\n<li class=\"lang-el\"><a href=\"https:\/\/www.wordcrex.com\/el\/wp-json\/wp\/v2\/pages\/288\" hreflang=\"el\" title=\"\u0395\u03bb\u03bb\u03b7\u03bd\u03b9\u03ba\u03ac (el)\" class=\"qtranxs_image qtranxs_image_el\"><img decoding=\"async\" src=\"https:\/\/www.wordcrex.com\/wp-content\/plugins\/qtranslate-x\/flags\/gr.png\" alt=\"\u0395\u03bb\u03bb\u03b7\u03bd\u03b9\u03ba\u03ac (el)\" \/><span style=\"display:none\">\u0395\u03bb\u03bb\u03b7\u03bd\u03b9\u03ba\u03ac<\/span><\/a><\/li>\n<li class=\"lang-ru\"><a href=\"https:\/\/www.wordcrex.com\/ru\/wp-json\/wp\/v2\/pages\/288\" hreflang=\"ru\" title=\"\u0420\u0443\u0441\u0441\u043a\u0438\u0439 (ru)\" class=\"qtranxs_image qtranxs_image_ru\"><img decoding=\"async\" src=\"https:\/\/www.wordcrex.com\/wp-content\/plugins\/qtranslate-x\/flags\/ru.png\" alt=\"\u0420\u0443\u0441\u0441\u043a\u0438\u0439 (ru)\" \/><span style=\"display:none\">\u0420\u0443\u0441\u0441\u043a\u0438\u0439<\/span><\/a><\/li>\n<li class=\"lang-pl active\"><a href=\"https:\/\/www.wordcrex.com\/pl\/wp-json\/wp\/v2\/pages\/288\" hreflang=\"pl\" title=\"Polszczyzna (pl)\" class=\"qtranxs_image qtranxs_image_pl\"><img decoding=\"async\" src=\"https:\/\/www.wordcrex.com\/wp-content\/plugins\/qtranslate-x\/flags\/pl.png\" alt=\"Polszczyzna (pl)\" \/><span style=\"display:none\">Polszczyzna<\/span><\/a><\/li>\n<li class=\"lang-cz\"><a href=\"https:\/\/www.wordcrex.com\/cz\/wp-json\/wp\/v2\/pages\/288\" hreflang=\"cz\" title=\"\u010ce\u0161tina (cz)\" class=\"qtranxs_image qtranxs_image_cz\"><img decoding=\"async\" src=\"https:\/\/www.wordcrex.com\/wp-content\/plugins\/qtranslate-x\/flags\/cz.png\" alt=\"\u010ce\u0161tina (cz)\" \/><span style=\"display:none\">\u010ce\u0161tina<\/span><\/a><\/li>\n<li class=\"lang-af\"><a href=\"https:\/\/www.wordcrex.com\/af\/wp-json\/wp\/v2\/pages\/288\" hreflang=\"af\" title=\"Afrikaans (af)\" class=\"qtranxs_image qtranxs_image_af\"><img decoding=\"async\" src=\"https:\/\/www.wordcrex.com\/wp-content\/plugins\/qtranslate-x\/flags\/za.png\" alt=\"Afrikaans (af)\" \/><span style=\"display:none\">Afrikaans<\/span><\/a><\/li>\n<\/ul><div class=\"qtranxs_widget_end\"><\/div>\n<\/div><\/p>\n<p><em>(Press the flag above for your translations).<\/em><\/p>\n<p>Cz\u0119sto zadawane pytania dotycz\u0105ce WordCrex<br \/>\nPrzet\u0142umaczone przez Google.<\/p>\n<p><strong> Nie otrzymuj\u0119 biuletynu WordCrex? <\/strong><br \/>\nSprawd\u017a sw\u00f3j spam lub biuletyn online.<\/p>\n<p><strong> Czy mog\u0119 zamieni\u0107 swoje litery? <\/strong><br \/>\nTak, mo\u017cesz. Kiedy wszyscy gracze spasuj\u0105, otrzymasz siedem nowych liter. Tura b\u0119dzie liczona jako tura podania.<\/p>\n<p><strong> Dlaczego nie otrzymuj\u0119 biuletynu? <\/strong><br \/>\nKa\u017cdy gracz WordCrex otrzymuje nasze cotygodniowe nowo\u015bci z zabawnymi wskaz\u00f3wkami, sztuczkami i fajnymi dzia\u0142aniami, dop\u00f3ki nie anuluje subskrypcji podanym linkiem. Mo\u017ce sprawd\u017a folder ze spamem lub upewnij si\u0119, \u017ce adres e-mail u\u017cyty do do\u0142\u0105czenia do WordCrex jest w porz\u0105dku.<\/p>\n<p><strong> Jakie s\u0105 liczby ptak\u00f3w i si\u0142a? <\/strong><br \/>\nSi\u0142a gracza jest wskazywana przez liczb\u0119, kt\u00f3ra jest konwertowana na liczb\u0119 kresek (ptak\u00f3w). Si\u0142a jest mierzona za pomoc\u0105 algorytmu opartego na za\u0142o\u017ceniu, \u017ce zdob\u0119dziesz wi\u0119cej punkt\u00f3w za zwyci\u0119stwo, je\u015bli wygrasz od kogo\u015b, kto jest silniejszy, ni\u017c wtedy, gdy kto\u015b jest s\u0142abszy. Odst\u0119py wynosz\u0105 <1200 = 1 Crex \/ 1200 - 1499 = 2 Crexes \/ 1500 - 1799 = 3 Crexes \/ 1800 - 2099 = 4 Crexes \/ 2100> = 5 Crexes. Crex to dalej!<\/p>\n<p><strong> Kiedy mam takie same punkty jak m\u00f3j przeciwnik, dlaczego nadal trac\u0119 tur\u0119? <\/strong><br \/>\nGdy dw\u00f3ch graczy zdob\u0119dzie te same punkty w turze, gracz, kt\u00f3ry zagra\u0142 swoje s\u0142owo, wygra t\u0119 tur\u0119. Dokonuje si\u0119 tego, aby podj\u0105\u0107 decyzj\u0119, kt\u00f3re s\u0142owo zostanie umieszczone na planszy. Chocia\u017c najszybszy gracz wygrywa tur\u0119 i zdobywa puchar, nie ma to \u017cadnego wyra\u017anego wp\u0142ywu na og\u00f3lny wynik, poniewa\u017c obaj gracze otrzymuj\u0105 ten sam wynik.<\/p>\n<p><strong> Czy mog\u0119 znale\u017a\u0107 s\u0142owa innych graczy? <\/strong><br \/>\nTak, dotknij wyniku powy\u017cej planszy. W tym przegl\u0105dzie mo\u017cesz zobaczy\u0107 s\u0142owa wszystkich graczy.<\/p>\n<p><strong> Czy mog\u0119 zablokowa\u0107 lub usun\u0105\u0107 odtwarzacz? <\/strong><br \/>\nTak. Po rozegraniu gry z przeciwnikiem gracz ten zostanie automatycznie dodany do listy znajomych. Po przesuni\u0119ciu tego odtwarzacza (od prawej do lewej) mo\u017cesz go usun\u0105\u0107 lub zablokowa\u0107. Je\u015bli chcesz odblokowa\u0107 gracza, przejd\u017a do ustawie\u0144 i naci\u015bnij zablokowanych graczy.<\/p>\n<p><strong> Czy mog\u0119 usun\u0105\u0107 moje konto? <\/strong><br \/>\nTak. Wy\u015blij wiadomo\u015b\u0107 e-mail na adres support@wordcrex.com z pro\u015bb\u0105 o usuni\u0119cie konta, a my usuniemy Twoje konto.<\/p>\n<p><strong> Nie widz\u0119 zaproszenia ani zakr\u0119tu odtwarzanego na ekranie? <strong><br \/>\nAby zobaczy\u0107 najnowsze aktualizacje w dowolnej grze, musisz rozwin\u0105\u0107 \u015brodkowy ekran. Nawet je\u015bli jeste\u015b na planszy gry, czasami musisz wr\u00f3ci\u0107 do ekranu centralnego. Robi si\u0119 to, aby serwer i rozgrywka by\u0142y tak p\u0142ynne, jak to mo\u017cliwe.<\/p>\n<p><strong> Jak zarejestrowa\u0107 si\u0119 w WordCrex? <strong><br \/>\nPo pobraniu WordCrex mo\u017cesz zarejestrowa\u0107 si\u0119, wype\u0142niaj\u0105c w\u0142asn\u0105 (wymy\u015blon\u0105) nazw\u0119 u\u017cytkownika, (wymy\u015blone) has\u0142o (dwukrotnie) i adres e-mail. Nast\u0119pnie mo\u017cesz zalogowa\u0107 si\u0119 przy u\u017cyciu nazwy u\u017cytkownika i has\u0142a. Mo\u017cesz tak\u017ce zalogowa\u0107 si\u0119 na swoje konto na Facebooku.<\/p>\n<p><strong> Co musz\u0119 zrobi\u0107, je\u015bli zapomnia\u0142em nazwy u\u017cytkownika i \/ lub has\u0142a? <strong><br \/>\nW sekcji logowania wyloguj si\u0119, mo\u017cesz dotkn\u0105\u0107 \u201ezapomnia\u0142em nazwy u\u017cytkownika\u201d lub \u201ezapomnia\u0142em has\u0142a\u201d. Po dotkni\u0119ciu tego mo\u017cesz wprowadzi\u0107 sw\u00f3j adres e-mail, a wiadomo\u015b\u0107 e-mail z instrukcjami zostanie wys\u0142ana do Ciebie.<\/p>\n<p><strong> Zapomnia\u0142em nazwy u\u017cytkownika i \/ lub has\u0142a i poda\u0142em sw\u00f3j adres e-mail, aby uzyska\u0107 instrukcje, ale nie otrzyma\u0142em e-maila z instrukcjami? <strong><br \/>\nSprawd\u017a folder ze spamem, kt\u00f3ry m\u00f3g\u0142 zosta\u0107 wys\u0142any na tw\u00f3j spam.<\/p>\n<p><strong> Nie pami\u0119tam nazwy u\u017cytkownika i has\u0142a. <\/strong><br \/>\nPo wprowadzeniu adresu e-mail nie otrzyma\u0142em e-maila z instrukcjami, sprawdzi\u0142em te\u017c sw\u00f3j spam i nie znalaz\u0142em e-maila z instrukcjami.<br \/>\nWy\u015blij nam wiadomo\u015b\u0107 e-mail na nast\u0119puj\u0105cy adres help@wordcrex.com<\/p>\n<p><strong> Jakie s\u0105 zasady gry WordCrex? <\/strong><br \/>\nSprawd\u017a nasz\u0105 stron\u0119 z zasadami gry.<\/p>\n<p><strong> Czy mog\u0119 gra\u0107 w innych j\u0119zykach? <strong><br \/>\nMo\u017cesz gra\u0107 w ponad czterdziestu j\u0119zykach. Gdy zaprosisz kogo\u015b do gry w WordCrex, mo\u017cesz wybra\u0107 spo\u015br\u00f3d wszystkich oferowanych przez nas j\u0119zyk\u00f3w.<\/p>\n<p><strong> Za ka\u017cdym razem, gdy chc\u0119 zaprosi\u0107 kogo\u015b do gry, musz\u0119 ponownie wybra\u0107 g\u0142\u00f3wny j\u0119zyk, czy mog\u0119 to zmieni\u0107? <strong><br \/>\nTak. Na \u015brodkowym ekranie znajdziesz opcj\u0119 &#8211; ustawienia -. Po dotkni\u0119ciu tej ikony zobaczysz opcj\u0119 &#8211; Domy\u015blny j\u0119zyk -. Tutaj mo\u017cesz wybra\u0107 j\u0119zyk, kt\u00f3ry b\u0119dzie j\u0119zykiem domy\u015blnym dla ka\u017cdej rozpocz\u0119tej gry. Mo\u017cesz to zmieni\u0107 dla ka\u017cdej gry, gdy zaprosisz frytki do nowej gry.<\/p>\n<p><strong> Jak mog\u0119 dostosowa\u0107 plansz\u0119 do gry? <\/strong><br \/>\nWybieraj\u0105c opcj\u0119 &#8211; Dostosuj kolor planszy &#8211; po dotkni\u0119ciu przycisku\u2026 &#8211; na dole planszy mo\u017cesz wybra\u0107 sw\u00f3j ulubiony kolor.<\/p>\n<p><strong> Jak mog\u0119 si\u0119 pozby\u0107 reklam? <\/strong><br \/>\nPrzejd\u017a do ustawie\u0144 i naci\u015bnij usu\u0144 reklamy.<\/p>\n<p><strong> Usun\u0105\u0142em reklamy i zap\u0142aci\u0142em kwot\u0119, ale wr\u00f3ci\u0142y? <\/strong><br \/>\nUsuni\u0119cie mo\u017cna \u0142atwo aktywowa\u0107 ponownie, przechodz\u0105c do sekcji ustawie\u0144 aplikacji, wybierz usu\u0144 reklamy, a nast\u0119pnie wybierz przywr\u00f3\u0107 w wyskakuj\u0105cym okienku. Teraz zostaniesz ponownie przeniesiony do sklepu z aplikacjami, a zakup zostanie ponownie zainstalowany bez ponoszenia koszt\u00f3w. Musisz tylko ponownie uruchomi\u0107 aplikacj\u0119. By\u0107 mo\u017ce nie zezwoli\u0142e\u015b urz\u0105dzeniu na zakup w sklepie z aplikacjami. Przejd\u017a do ustawie\u0144 &#8211; og\u00f3lne &#8211; ograniczenia tutaj, mo\u017cesz sprawdzi\u0107 i odznaczy\u0107 ograniczenia. Upewnij si\u0119 r\u00f3wnie\u017c, \u017ce nie u\u017cy\u0142e\u015b innego identyfikatora Apple dla ka\u017cdego urz\u0105dzenia. I dla pewno\u015bci sprawd\u017a swoje konto, je\u015bli p\u0142atno\u015b\u0107 zosta\u0142a przetworzona.<\/p>","protected":false},"excerpt":{"rendered":"<p>(Press the flag above for your translations). Cz\u0119sto zadawane pytania dotycz\u0105ce WordCrex Przet\u0142umaczone przez Google. Nie otrzymuj\u0119 biuletynu WordCrex? Sprawd\u017a sw\u00f3j spam lub biuletyn online. Czy mog\u0119 zamieni\u0107 swoje litery? Tak, mo\u017cesz. Kiedy wszyscy gracze spasuj\u0105, otrzymasz siedem nowych liter. Tura b\u0119dzie liczona jako tura podania. Dlaczego nie otrzymuj\u0119 biuletynu? Ka\u017cdy gracz WordCrex otrzymuje nasze cotygodniowe nowo\u015bci z zabawnymi wskaz\u00f3wkami, sztuczkami i fajnymi dzia\u0142aniami, dop\u00f3ki nie anuluje subskrypcji podanym linkiem. Mo\u017ce sprawd\u017a folder ze spamem lub upewnij si\u0119, \u017ce adres e-mail u\u017cyty do do\u0142\u0105czenia do WordCrex jest w porz\u0105dku. Jakie s\u0105 liczby ptak\u00f3w i si\u0142a? Si\u0142a gracza jest wskazywana przez <\/p>\n","protected":false},"author":1,"featured_media":52,"parent":0,"menu_order":0,"comment_status":"closed","ping_status":"closed","template":"page-parallax.php","meta":{"footnotes":""},"aioseo_notices":[],"_links":{"self":[{"href":"https:\/\/www.wordcrex.com\/pl\/wp-json\/wp\/v2\/pages\/288"}],"collection":[{"href":"https:\/\/www.wordcrex.com\/pl\/wp-json\/wp\/v2\/pages"}],"about":[{"href":"https:\/\/www.wordcrex.com\/pl\/wp-json\/wp\/v2\/types\/page"}],"author":[{"embeddable":true,"href":"https:\/\/www.wordcrex.com\/pl\/wp-json\/wp\/v2\/users\/1"}],"replies":[{"embeddable":true,"href":"https:\/\/www.wordcrex.com\/pl\/wp-json\/wp\/v2\/comments?post=288"}],"version-history":[{"count":89,"href":"https:\/\/www.wordcrex.com\/pl\/wp-json\/wp\/v2\/pages\/288\/revisions"}],"predecessor-version":[{"id":1297,"href":"https:\/\/www.wordcrex.com\/pl\/wp-json\/wp\/v2\/pages\/288\/revisions\/1297"}],"wp:featuredmedia":[{"embeddable":true,"href":"https:\/\/www.wordcrex.com\/pl\/wp-json\/wp\/v2\/media\/52"}],"wp:attachment":[{"href":"https:\/\/www.wordcrex.com\/pl\/wp-json\/wp\/v2\/media?parent=288"}],"curies":[{"name":"wp","href":"https:\/\/api.w.org\/{rel}","templated":true}]}}