{"id":20,"date":"2016-04-15T11:34:09","date_gmt":"2016-04-15T11:34:09","guid":{"rendered":"https:\/\/wordcrex.com\/?page_id=20"},"modified":"2021-01-18T10:48:20","modified_gmt":"2021-01-18T10:48:20","slug":"wordcrex-game-rules","status":"publish","type":"page","link":"https:\/\/www.wordcrex.com\/pt\/wordcrex-game-rules\/","title":{"rendered":"Regras do jogo"},"content":{"rendered":"<p><style type=\"text\/css\">\n.qtranxs_widget ul { margin: 0; }\n.qtranxs_widget ul li\n{\ndisplay: inline; \/* horizontal list, use \"list-item\" or other appropriate value for vertical list *\/\nlist-style-type: none; \/* use \"initial\" or other to enable bullets *\/\nmargin: 0 5px 0 0; \/* adjust spacing between items *\/\nopacity: 0.5;\n-o-transition: 1s ease opacity;\n-moz-transition: 1s ease opacity;\n-webkit-transition: 1s ease opacity;\ntransition: 1s ease opacity;\n}\n\/* .qtranxs_widget ul li span { margin: 0 5px 0 0; } *\/ \/* other way to control spacing *\/\n.qtranxs_widget ul li.active { opacity: 0.8; }\n.qtranxs_widget ul li:hover { opacity: 1; }\n.qtranxs_widget img { box-shadow: none; vertical-align: middle; display: initial; }\n.qtranxs_flag { height:12px; width:18px; display:block; }\n.qtranxs_flag_and_text { padding-left:20px; }\n.qtranxs_flag span { display:none; }\n<\/style>\n<div class=\"widget qtranxs_widget\">\n<ul class=\"language-chooser language-chooser-image qtranxs_language_chooser\" id=\"qtranslate--1-chooser\">\n<li class=\"lang-nl\"><a href=\"https:\/\/www.wordcrex.com\/nl\/wp-json\/wp\/v2\/pages\/20\" hreflang=\"nl\" title=\"Nederlands (nl)\" class=\"qtranxs_image qtranxs_image_nl\"><img decoding=\"async\" src=\"https:\/\/www.wordcrex.com\/wp-content\/plugins\/qtranslate-x\/flags\/nl.png\" alt=\"Nederlands (nl)\" \/><span style=\"display:none\">Nederlands<\/span><\/a><\/li>\n<li class=\"lang-en\"><a href=\"https:\/\/www.wordcrex.com\/en\/wp-json\/wp\/v2\/pages\/20\" hreflang=\"en\" title=\"English (en)\" class=\"qtranxs_image qtranxs_image_en\"><img decoding=\"async\" src=\"https:\/\/www.wordcrex.com\/wp-content\/plugins\/qtranslate-x\/flags\/gb.png\" alt=\"English (en)\" \/><span style=\"display:none\">English<\/span><\/a><\/li>\n<li class=\"lang-fr\"><a href=\"https:\/\/www.wordcrex.com\/fr\/wp-json\/wp\/v2\/pages\/20\" hreflang=\"fr\" title=\"Fran\u00e7ais (fr)\" class=\"qtranxs_image qtranxs_image_fr\"><img decoding=\"async\" src=\"https:\/\/www.wordcrex.com\/wp-content\/plugins\/qtranslate-x\/flags\/fr.png\" alt=\"Fran\u00e7ais (fr)\" \/><span style=\"display:none\">Fran\u00e7ais<\/span><\/a><\/li>\n<li class=\"lang-de\"><a href=\"https:\/\/www.wordcrex.com\/de\/wp-json\/wp\/v2\/pages\/20\" hreflang=\"de\" title=\"Deutsch (de)\" class=\"qtranxs_image qtranxs_image_de\"><img decoding=\"async\" src=\"https:\/\/www.wordcrex.com\/wp-content\/plugins\/qtranslate-x\/flags\/de.png\" alt=\"Deutsch (de)\" \/><span style=\"display:none\">Deutsch<\/span><\/a><\/li>\n<li class=\"lang-es\"><a href=\"https:\/\/www.wordcrex.com\/es\/wp-json\/wp\/v2\/pages\/20\" hreflang=\"es\" title=\"Espa\u00f1ol (es)\" class=\"qtranxs_image qtranxs_image_es\"><img decoding=\"async\" src=\"https:\/\/www.wordcrex.com\/wp-content\/plugins\/qtranslate-x\/flags\/es.png\" alt=\"Espa\u00f1ol (es)\" \/><span style=\"display:none\">Espa\u00f1ol<\/span><\/a><\/li>\n<li class=\"lang-it\"><a href=\"https:\/\/www.wordcrex.com\/it\/wp-json\/wp\/v2\/pages\/20\" hreflang=\"it\" title=\"Italiano (it)\" class=\"qtranxs_image qtranxs_image_it\"><img decoding=\"async\" src=\"https:\/\/www.wordcrex.com\/wp-content\/plugins\/qtranslate-x\/flags\/it.png\" alt=\"Italiano (it)\" \/><span style=\"display:none\">Italiano<\/span><\/a><\/li>\n<li class=\"lang-pt active\"><a href=\"https:\/\/www.wordcrex.com\/pt\/wp-json\/wp\/v2\/pages\/20\" hreflang=\"pt\" title=\"Portugu\u00eas (pt)\" class=\"qtranxs_image qtranxs_image_pt\"><img decoding=\"async\" src=\"https:\/\/www.wordcrex.com\/wp-content\/plugins\/qtranslate-x\/flags\/pt.png\" alt=\"Portugu\u00eas (pt)\" \/><span style=\"display:none\">Portugu\u00eas<\/span><\/a><\/li>\n<li class=\"lang-da\"><a href=\"https:\/\/www.wordcrex.com\/da\/wp-json\/wp\/v2\/pages\/20\" hreflang=\"da\" title=\"Dansk (da)\" class=\"qtranxs_image qtranxs_image_da\"><img decoding=\"async\" src=\"https:\/\/www.wordcrex.com\/wp-content\/plugins\/qtranslate-x\/flags\/dk.png\" alt=\"Dansk (da)\" \/><span style=\"display:none\">Dansk<\/span><\/a><\/li>\n<li class=\"lang-sv\"><a href=\"https:\/\/www.wordcrex.com\/sv\/wp-json\/wp\/v2\/pages\/20\" hreflang=\"sv\" title=\"Svenska (sv)\" class=\"qtranxs_image qtranxs_image_sv\"><img decoding=\"async\" src=\"https:\/\/www.wordcrex.com\/wp-content\/plugins\/qtranslate-x\/flags\/se.png\" alt=\"Svenska (sv)\" \/><span style=\"display:none\">Svenska<\/span><\/a><\/li>\n<li class=\"lang-no\"><a href=\"https:\/\/www.wordcrex.com\/no\/wp-json\/wp\/v2\/pages\/20\" hreflang=\"no\" title=\"Norsk (no)\" class=\"qtranxs_image qtranxs_image_no\"><img decoding=\"async\" src=\"https:\/\/www.wordcrex.com\/wp-content\/plugins\/qtranslate-x\/flags\/no.png\" alt=\"Norsk (no)\" \/><span style=\"display:none\">Norsk<\/span><\/a><\/li>\n<li class=\"lang-fy\"><a href=\"https:\/\/www.wordcrex.com\/fy\/wp-json\/wp\/v2\/pages\/20\" hreflang=\"fy\" title=\"Frysk (fy)\" class=\"qtranxs_image qtranxs_image_fy\"><img decoding=\"async\" src=\"https:\/\/www.wordcrex.com\/wp-content\/plugins\/qtranslate-x\/flags\/eu.png\" alt=\"Frysk (fy)\" \/><span style=\"display:none\">Frysk<\/span><\/a><\/li>\n<li class=\"lang-tr\"><a href=\"https:\/\/www.wordcrex.com\/tr\/wp-json\/wp\/v2\/pages\/20\" hreflang=\"tr\" title=\"T\u00fcrk\u00e7e (tr)\" class=\"qtranxs_image qtranxs_image_tr\"><img decoding=\"async\" src=\"https:\/\/www.wordcrex.com\/wp-content\/plugins\/qtranslate-x\/flags\/tr.png\" alt=\"T\u00fcrk\u00e7e (tr)\" \/><span style=\"display:none\">T\u00fcrk\u00e7e<\/span><\/a><\/li>\n<li class=\"lang-el\"><a href=\"https:\/\/www.wordcrex.com\/el\/wp-json\/wp\/v2\/pages\/20\" hreflang=\"el\" title=\"\u0395\u03bb\u03bb\u03b7\u03bd\u03b9\u03ba\u03ac (el)\" class=\"qtranxs_image qtranxs_image_el\"><img decoding=\"async\" src=\"https:\/\/www.wordcrex.com\/wp-content\/plugins\/qtranslate-x\/flags\/gr.png\" alt=\"\u0395\u03bb\u03bb\u03b7\u03bd\u03b9\u03ba\u03ac (el)\" \/><span style=\"display:none\">\u0395\u03bb\u03bb\u03b7\u03bd\u03b9\u03ba\u03ac<\/span><\/a><\/li>\n<li class=\"lang-ru\"><a href=\"https:\/\/www.wordcrex.com\/ru\/wp-json\/wp\/v2\/pages\/20\" hreflang=\"ru\" title=\"\u0420\u0443\u0441\u0441\u043a\u0438\u0439 (ru)\" class=\"qtranxs_image qtranxs_image_ru\"><img decoding=\"async\" src=\"https:\/\/www.wordcrex.com\/wp-content\/plugins\/qtranslate-x\/flags\/ru.png\" alt=\"\u0420\u0443\u0441\u0441\u043a\u0438\u0439 (ru)\" \/><span style=\"display:none\">\u0420\u0443\u0441\u0441\u043a\u0438\u0439<\/span><\/a><\/li>\n<li class=\"lang-pl\"><a href=\"https:\/\/www.wordcrex.com\/pl\/wp-json\/wp\/v2\/pages\/20\" hreflang=\"pl\" title=\"Polszczyzna (pl)\" class=\"qtranxs_image qtranxs_image_pl\"><img decoding=\"async\" src=\"https:\/\/www.wordcrex.com\/wp-content\/plugins\/qtranslate-x\/flags\/pl.png\" alt=\"Polszczyzna (pl)\" \/><span style=\"display:none\">Polszczyzna<\/span><\/a><\/li>\n<li class=\"lang-cz\"><a href=\"https:\/\/www.wordcrex.com\/cz\/wp-json\/wp\/v2\/pages\/20\" hreflang=\"cz\" title=\"\u010ce\u0161tina (cz)\" class=\"qtranxs_image qtranxs_image_cz\"><img decoding=\"async\" src=\"https:\/\/www.wordcrex.com\/wp-content\/plugins\/qtranslate-x\/flags\/cz.png\" alt=\"\u010ce\u0161tina (cz)\" \/><span style=\"display:none\">\u010ce\u0161tina<\/span><\/a><\/li>\n<li class=\"lang-af\"><a href=\"https:\/\/www.wordcrex.com\/af\/wp-json\/wp\/v2\/pages\/20\" hreflang=\"af\" title=\"Afrikaans (af)\" class=\"qtranxs_image qtranxs_image_af\"><img decoding=\"async\" src=\"https:\/\/www.wordcrex.com\/wp-content\/plugins\/qtranslate-x\/flags\/za.png\" alt=\"Afrikaans (af)\" \/><span style=\"display:none\">Afrikaans<\/span><\/a><\/li>\n<\/ul><div class=\"qtranxs_widget_end\"><\/div>\n<\/div><\/p>\n<p><em>(Press the flag above for your translations).<\/em><\/p>\n<p>WordCrex \u00e9 um jogo de palavras para m\u00faltiplos jogadores com o princ\u00edpio \u00fanico jogo justo. Todos os jogadores jogam com o mesmo conjunto de sete cartas de modo a ser sorte recebendo as letras certas para jogar n\u00e3o \u00e9 um fator mais. Cada transform\u00e1-lo s\u00e3o desafiados a formar palavras com as suas sete cartas, a fim de obter o m\u00e1ximo de pontos. O tabuleiro de jogo \u00e9 composto de 225 pra\u00e7as. Alguns deles s\u00e3o coloridos e representam diferentes multiplicadores para palavras ou letras. Voc\u00ea ganha pontos, colocando cartas na mesa para criar uma ou mais palavras adjacentes. O valor das letras utilizadas \u00e9 somado. Voc\u00ea pode obter ainda mais pontos, colocando cartas sobre os multiplicadores.<\/p>\n<p>Multiplicadores.<\/p>\n<p>2L O valor da carta colocada sobre este quadrado \u00e9 multiplicado por dois.<\/p>\n<p>4L O valor da carta colocada sobre este quadrado \u00e9 multiplicado por quatro.<\/p>\n<p>6L O valor da carta colocada sobre este quadrado \u00e9 multiplicado por 6.<\/p>\n<p>3W O valor da palavra com uma letra colocada neste quadrado \u00e9 multiplicado por 3.<\/p>\n<p>4W O valor da palavra com uma letra colocada neste quadrado \u00e9 multiplicado por 4.<\/p>\n<p>Se uma palavra abrange mais de um quadrado com um multiplicador, o valor multiplica em conformidade.<\/p>\n<p>Um b\u00f4nus de 100 pontos \u00e9 recompensado quando um jogador usa todos os sete letras em um turno.<\/p>\n<p>Na primeira vez, uma das letras deve estar no centro do tabuleiro, que tamb\u00e9m conta como um multiplicador de 3W.<\/p>\n<p>A cada lado, por sua vez novas palavras colocadas no tabuleiro deve se conectar a uma carta que j\u00e1 est\u00e1 colocado no tabuleiro. As palavras podem ser colocados horizontalmente ou verticalmente.<\/p>\n<p>Cada jogador recebe os pontos da sua palavra, mas apenas a palavra do jogador com a maior pontua\u00e7\u00e3o \u00e9 colocada sobre o tabuleiro de jogo. Quando os jogadores t\u00eam a mesma pontua\u00e7\u00e3o em um turno a palavra mais r\u00e1pido jogado ser\u00e3o colocadas no tabuleiro. As cartas restantes do jogador com a palavra vencedora ser\u00e1 complementado para sete. Todos os jogadores continuam a jogar o novo turno com estas letras.<\/p>\n<p>O jogo termina quando todas as cartas do jogo s\u00e3o jogados ou quando os jogadores t\u00eam que passar quando h\u00e1 menos de sete telhas esquerda. Tamb\u00e9m em um jogo de dois jogadores quando um jogador renuncia durante um jogo ou superior ao tempo por sua vez, ele ou ela perde este jogo, em um jogo multiplayer os outros jogadores podem jogar.<\/p>\n<p>O jogador com a maior pontua\u00e7\u00e3o total ganha o jogo!<\/p>\n<p><em>Nota: Tradu\u00e7\u00e3o do texto com a ajuda do Google.<\/em><br \/>\n<\/p>","protected":false},"excerpt":{"rendered":"<p>(Press the flag above for your translations). WordCrex \u00e9 um jogo de palavras para m\u00faltiplos jogadores com o princ\u00edpio \u00fanico jogo justo. Todos os jogadores jogam com o mesmo conjunto de sete cartas de modo a ser sorte recebendo as letras certas para jogar n\u00e3o \u00e9 um fator mais. Cada transform\u00e1-lo s\u00e3o desafiados a formar palavras com as suas sete cartas, a fim de obter o m\u00e1ximo de pontos. O tabuleiro de jogo \u00e9 composto de 225 pra\u00e7as. Alguns deles s\u00e3o coloridos e representam diferentes multiplicadores para palavras ou letras. Voc\u00ea ganha pontos, colocando cartas na mesa para criar uma <\/p>\n","protected":false},"author":1,"featured_media":52,"parent":0,"menu_order":0,"comment_status":"closed","ping_status":"closed","template":"page-parallax.php","meta":{"footnotes":""},"aioseo_notices":[],"_links":{"self":[{"href":"https:\/\/www.wordcrex.com\/pt\/wp-json\/wp\/v2\/pages\/20"}],"collection":[{"href":"https:\/\/www.wordcrex.com\/pt\/wp-json\/wp\/v2\/pages"}],"about":[{"href":"https:\/\/www.wordcrex.com\/pt\/wp-json\/wp\/v2\/types\/page"}],"author":[{"embeddable":true,"href":"https:\/\/www.wordcrex.com\/pt\/wp-json\/wp\/v2\/users\/1"}],"replies":[{"embeddable":true,"href":"https:\/\/www.wordcrex.com\/pt\/wp-json\/wp\/v2\/comments?post=20"}],"version-history":[{"count":175,"href":"https:\/\/www.wordcrex.com\/pt\/wp-json\/wp\/v2\/pages\/20\/revisions"}],"predecessor-version":[{"id":1317,"href":"https:\/\/www.wordcrex.com\/pt\/wp-json\/wp\/v2\/pages\/20\/revisions\/1317"}],"wp:featuredmedia":[{"embeddable":true,"href":"https:\/\/www.wordcrex.com\/pt\/wp-json\/wp\/v2\/media\/52"}],"wp:attachment":[{"href":"https:\/\/www.wordcrex.com\/pt\/wp-json\/wp\/v2\/media?parent=20"}],"curies":[{"name":"wp","href":"https:\/\/api.w.org\/{rel}","templated":true}]}}