{"id":32,"date":"2016-04-15T12:20:11","date_gmt":"2016-04-15T12:20:11","guid":{"rendered":"https:\/\/wordcrex.com\/?page_id=32"},"modified":"2019-08-30T11:17:31","modified_gmt":"2019-08-30T11:17:31","slug":"wordcrex-app-manual","status":"publish","type":"page","link":"https:\/\/www.wordcrex.com\/pt\/wordcrex-app-manual\/","title":{"rendered":"Manual"},"content":{"rendered":"<p><style type=\"text\/css\">\n.qtranxs_widget ul { margin: 0; }\n.qtranxs_widget ul li\n{\ndisplay: inline; \/* horizontal list, use \"list-item\" or other appropriate value for vertical list *\/\nlist-style-type: none; \/* use \"initial\" or other to enable bullets *\/\nmargin: 0 5px 0 0; \/* adjust spacing between items *\/\nopacity: 0.5;\n-o-transition: 1s ease opacity;\n-moz-transition: 1s ease opacity;\n-webkit-transition: 1s ease opacity;\ntransition: 1s ease opacity;\n}\n\/* .qtranxs_widget ul li span { margin: 0 5px 0 0; } *\/ \/* other way to control spacing *\/\n.qtranxs_widget ul li.active { opacity: 0.8; }\n.qtranxs_widget ul li:hover { opacity: 1; }\n.qtranxs_widget img { box-shadow: none; vertical-align: middle; display: initial; }\n.qtranxs_flag { height:12px; width:18px; display:block; }\n.qtranxs_flag_and_text { padding-left:20px; }\n.qtranxs_flag span { display:none; }\n<\/style>\n<div class=\"widget qtranxs_widget\">\n<ul class=\"language-chooser language-chooser-image qtranxs_language_chooser\" id=\"qtranslate--1-chooser\">\n<li class=\"lang-nl\"><a href=\"https:\/\/www.wordcrex.com\/nl\/wp-json\/wp\/v2\/pages\/32\" hreflang=\"nl\" title=\"Nederlands (nl)\" class=\"qtranxs_image qtranxs_image_nl\"><img decoding=\"async\" src=\"https:\/\/www.wordcrex.com\/wp-content\/plugins\/qtranslate-x\/flags\/nl.png\" alt=\"Nederlands (nl)\" \/><span style=\"display:none\">Nederlands<\/span><\/a><\/li>\n<li class=\"lang-en\"><a href=\"https:\/\/www.wordcrex.com\/en\/wp-json\/wp\/v2\/pages\/32\" hreflang=\"en\" title=\"English (en)\" class=\"qtranxs_image qtranxs_image_en\"><img decoding=\"async\" src=\"https:\/\/www.wordcrex.com\/wp-content\/plugins\/qtranslate-x\/flags\/gb.png\" alt=\"English (en)\" \/><span style=\"display:none\">English<\/span><\/a><\/li>\n<li class=\"lang-fr\"><a href=\"https:\/\/www.wordcrex.com\/fr\/wp-json\/wp\/v2\/pages\/32\" hreflang=\"fr\" title=\"Fran\u00e7ais (fr)\" class=\"qtranxs_image qtranxs_image_fr\"><img decoding=\"async\" src=\"https:\/\/www.wordcrex.com\/wp-content\/plugins\/qtranslate-x\/flags\/fr.png\" alt=\"Fran\u00e7ais (fr)\" \/><span style=\"display:none\">Fran\u00e7ais<\/span><\/a><\/li>\n<li class=\"lang-de\"><a href=\"https:\/\/www.wordcrex.com\/de\/wp-json\/wp\/v2\/pages\/32\" hreflang=\"de\" title=\"Deutsch (de)\" class=\"qtranxs_image qtranxs_image_de\"><img decoding=\"async\" src=\"https:\/\/www.wordcrex.com\/wp-content\/plugins\/qtranslate-x\/flags\/de.png\" alt=\"Deutsch (de)\" \/><span style=\"display:none\">Deutsch<\/span><\/a><\/li>\n<li class=\"lang-es\"><a href=\"https:\/\/www.wordcrex.com\/es\/wp-json\/wp\/v2\/pages\/32\" hreflang=\"es\" title=\"Espa\u00f1ol (es)\" class=\"qtranxs_image qtranxs_image_es\"><img decoding=\"async\" src=\"https:\/\/www.wordcrex.com\/wp-content\/plugins\/qtranslate-x\/flags\/es.png\" alt=\"Espa\u00f1ol (es)\" \/><span style=\"display:none\">Espa\u00f1ol<\/span><\/a><\/li>\n<li class=\"lang-it\"><a href=\"https:\/\/www.wordcrex.com\/it\/wp-json\/wp\/v2\/pages\/32\" hreflang=\"it\" title=\"Italiano (it)\" class=\"qtranxs_image qtranxs_image_it\"><img decoding=\"async\" src=\"https:\/\/www.wordcrex.com\/wp-content\/plugins\/qtranslate-x\/flags\/it.png\" alt=\"Italiano (it)\" \/><span style=\"display:none\">Italiano<\/span><\/a><\/li>\n<li class=\"lang-pt active\"><a href=\"https:\/\/www.wordcrex.com\/pt\/wp-json\/wp\/v2\/pages\/32\" hreflang=\"pt\" title=\"Portugu\u00eas (pt)\" class=\"qtranxs_image qtranxs_image_pt\"><img decoding=\"async\" src=\"https:\/\/www.wordcrex.com\/wp-content\/plugins\/qtranslate-x\/flags\/pt.png\" alt=\"Portugu\u00eas (pt)\" \/><span style=\"display:none\">Portugu\u00eas<\/span><\/a><\/li>\n<li class=\"lang-da\"><a href=\"https:\/\/www.wordcrex.com\/da\/wp-json\/wp\/v2\/pages\/32\" hreflang=\"da\" title=\"Dansk (da)\" class=\"qtranxs_image qtranxs_image_da\"><img decoding=\"async\" src=\"https:\/\/www.wordcrex.com\/wp-content\/plugins\/qtranslate-x\/flags\/dk.png\" alt=\"Dansk (da)\" \/><span style=\"display:none\">Dansk<\/span><\/a><\/li>\n<li class=\"lang-sv\"><a href=\"https:\/\/www.wordcrex.com\/sv\/wp-json\/wp\/v2\/pages\/32\" hreflang=\"sv\" title=\"Svenska (sv)\" class=\"qtranxs_image qtranxs_image_sv\"><img decoding=\"async\" src=\"https:\/\/www.wordcrex.com\/wp-content\/plugins\/qtranslate-x\/flags\/se.png\" alt=\"Svenska (sv)\" \/><span style=\"display:none\">Svenska<\/span><\/a><\/li>\n<li class=\"lang-no\"><a href=\"https:\/\/www.wordcrex.com\/no\/wp-json\/wp\/v2\/pages\/32\" hreflang=\"no\" title=\"Norsk (no)\" class=\"qtranxs_image qtranxs_image_no\"><img decoding=\"async\" src=\"https:\/\/www.wordcrex.com\/wp-content\/plugins\/qtranslate-x\/flags\/no.png\" alt=\"Norsk (no)\" \/><span style=\"display:none\">Norsk<\/span><\/a><\/li>\n<li class=\"lang-fy\"><a href=\"https:\/\/www.wordcrex.com\/fy\/wp-json\/wp\/v2\/pages\/32\" hreflang=\"fy\" title=\"Frysk (fy)\" class=\"qtranxs_image qtranxs_image_fy\"><img decoding=\"async\" src=\"https:\/\/www.wordcrex.com\/wp-content\/plugins\/qtranslate-x\/flags\/eu.png\" alt=\"Frysk (fy)\" \/><span style=\"display:none\">Frysk<\/span><\/a><\/li>\n<li class=\"lang-tr\"><a href=\"https:\/\/www.wordcrex.com\/tr\/wp-json\/wp\/v2\/pages\/32\" hreflang=\"tr\" title=\"T\u00fcrk\u00e7e (tr)\" class=\"qtranxs_image qtranxs_image_tr\"><img decoding=\"async\" src=\"https:\/\/www.wordcrex.com\/wp-content\/plugins\/qtranslate-x\/flags\/tr.png\" alt=\"T\u00fcrk\u00e7e (tr)\" \/><span style=\"display:none\">T\u00fcrk\u00e7e<\/span><\/a><\/li>\n<li class=\"lang-el\"><a href=\"https:\/\/www.wordcrex.com\/el\/wp-json\/wp\/v2\/pages\/32\" hreflang=\"el\" title=\"\u0395\u03bb\u03bb\u03b7\u03bd\u03b9\u03ba\u03ac (el)\" class=\"qtranxs_image qtranxs_image_el\"><img decoding=\"async\" src=\"https:\/\/www.wordcrex.com\/wp-content\/plugins\/qtranslate-x\/flags\/gr.png\" alt=\"\u0395\u03bb\u03bb\u03b7\u03bd\u03b9\u03ba\u03ac (el)\" \/><span style=\"display:none\">\u0395\u03bb\u03bb\u03b7\u03bd\u03b9\u03ba\u03ac<\/span><\/a><\/li>\n<li class=\"lang-ru\"><a href=\"https:\/\/www.wordcrex.com\/ru\/wp-json\/wp\/v2\/pages\/32\" hreflang=\"ru\" title=\"\u0420\u0443\u0441\u0441\u043a\u0438\u0439 (ru)\" class=\"qtranxs_image qtranxs_image_ru\"><img decoding=\"async\" src=\"https:\/\/www.wordcrex.com\/wp-content\/plugins\/qtranslate-x\/flags\/ru.png\" alt=\"\u0420\u0443\u0441\u0441\u043a\u0438\u0439 (ru)\" \/><span style=\"display:none\">\u0420\u0443\u0441\u0441\u043a\u0438\u0439<\/span><\/a><\/li>\n<li class=\"lang-pl\"><a href=\"https:\/\/www.wordcrex.com\/pl\/wp-json\/wp\/v2\/pages\/32\" hreflang=\"pl\" title=\"Polszczyzna (pl)\" class=\"qtranxs_image qtranxs_image_pl\"><img decoding=\"async\" src=\"https:\/\/www.wordcrex.com\/wp-content\/plugins\/qtranslate-x\/flags\/pl.png\" alt=\"Polszczyzna (pl)\" \/><span style=\"display:none\">Polszczyzna<\/span><\/a><\/li>\n<li class=\"lang-cz\"><a href=\"https:\/\/www.wordcrex.com\/cz\/wp-json\/wp\/v2\/pages\/32\" hreflang=\"cz\" title=\"\u010ce\u0161tina (cz)\" class=\"qtranxs_image qtranxs_image_cz\"><img decoding=\"async\" src=\"https:\/\/www.wordcrex.com\/wp-content\/plugins\/qtranslate-x\/flags\/cz.png\" alt=\"\u010ce\u0161tina (cz)\" \/><span style=\"display:none\">\u010ce\u0161tina<\/span><\/a><\/li>\n<li class=\"lang-af\"><a href=\"https:\/\/www.wordcrex.com\/af\/wp-json\/wp\/v2\/pages\/32\" hreflang=\"af\" title=\"Afrikaans (af)\" class=\"qtranxs_image qtranxs_image_af\"><img decoding=\"async\" src=\"https:\/\/www.wordcrex.com\/wp-content\/plugins\/qtranslate-x\/flags\/za.png\" alt=\"Afrikaans (af)\" \/><span style=\"display:none\">Afrikaans<\/span><\/a><\/li>\n<\/ul><div class=\"qtranxs_widget_end\"><\/div>\n<\/div><\/p>\n<p><em>(Press the flag above for your translations).<\/em><\/p>\n<p>WordCrex o jogo palavra justa \u00e9 constru\u00eddo para ser t\u00e3o f\u00e1cil de usar quanto poss\u00edvel. Para sua conveni\u00eancia, n\u00f3s adicionamos este manual para ter certeza de que voc\u00ea tome a vantagem cheia de todas as op\u00e7\u00f5es dispon\u00edveis no aplicativo.<\/p>\n<p><iframe loading=\"lazy\" src=\"https:\/\/www.youtube.com\/embed\/8F1W5cXgOUk\" width=\"560\" height=\"315\" frameborder=\"0\" allowfullscreen=\"allowfullscreen\"><\/iframe><\/p>\n<p>A tela de login<br \/>\nFa\u00e7a login com seu nome de usu\u00e1rio e senha ou conta no Facebook. Para criar uma conta WordCrex basta tocar no &#8211; Criar uma conta &#8211; bot\u00e3o e escolher um nome de usu\u00e1rio e senha e preencher o seu endere\u00e7o de e-mail.<br \/>\nCaso se tenha esquecido nome de usu\u00e1rio e senha ou voc\u00ea pode tocar &#8220;Esqueceu a senha?&#8221; Na tela. Preencha o seu nome de usu\u00e1rio ou e-mail e n\u00f3s lhe enviaremos instru\u00e7\u00f5es. Verifique pasta de spam se o e-mail n\u00e3o est\u00e1 aparecendo na sua caixa de entrada.<br \/>\nPara alterar as configura\u00e7\u00f5es da conta ir para a se\u00e7\u00e3o de configura\u00e7\u00f5es e siga o procedimento. Se ainda tiver problemas para iniciar sess\u00e3o ou quiser eliminar a sua conta, contacte-nos no nosso endere\u00e7o de e-mail <a href=\"mailto:support@wordcrex.com\">support@wordcrex.com<\/a>..<\/p>\n<p>A tela central<br \/>\nPara atualizar o estado do jogo, puxar para baixo a tela frequentemente !! Aqui voc\u00ea pode criar um novo jogo, ver o estado dos jogos que voc\u00ea est\u00e1 jogando, gerir a sua lista de jogos acabados e no fundo voc\u00ea achar a navega\u00e7\u00e3o principal. Voc\u00ea pode remover os convites que voc\u00ea enviar e jogos acabados passando esse jogo. jogos acabados s\u00e3o automaticamente removidos ap\u00f3s uma semana.<br \/>\nIr diretamente para um tabuleiro de jogo, tocando em um jogo aberto ou aceitar um convite.<br \/>\nUse barra de navega\u00e7\u00e3o principal bot\u00f5es para navegar para jogos, amigos, estat\u00edsticas, defini\u00e7\u00f5es e informa\u00e7\u00f5es.<\/p>\n<p>Criar um novo jogo<br \/>\nPara criar uma nova torneira de jogo, o amarelo &#8211; criar um novo jogo &#8211; bot\u00e3o. Voc\u00ea ser\u00e1 solicitado para a tela &#8220;Criar um jogo&#8221;. Agora escolha o seu n\u00famero de oponentes, idioma que deseja jogar e virar tempo. Convide amigos para este jogo tocando a amigos -Convidar &#8211; bot\u00e3o. Aqui voc\u00ea escolhe seus advers\u00e1rios de entre os seus amigos WordCrex e Facebook e lista de contatos do telefone. Se o email de um contato de telefone ainda n\u00e3o \u00e9 um jogador WordCrex conhecida voc\u00ea pode convid\u00e1-lo para instalar WordCrex. Voc\u00ea tamb\u00e9m pode encontrar um jogador usando a barra de pesquisa e busca de nome de usu\u00e1rio ou endere\u00e7o de e-mail. Ao criar um jogo multiplayer que voc\u00ea pode dar o seu jogo um nome exclusivo, toque no &#8211; Acabamento &#8211; bot\u00e3o na parte superior direita e divirta-se!<br \/>\nIniciar um jogo com advers\u00e1rios aleat\u00f3rios tocando no &#8211; advers\u00e1rios aleat\u00f3rios &#8211; bot\u00e3o. jogadores aleat\u00f3rios s\u00e3o combinados de acordo com a for\u00e7a.<\/p>\n<p>O tabuleiro de jogo<br \/>\nColoque suas cartas no tabuleiro de jogo para marcar pontos. Ap\u00f3s pressionar o bot\u00e3o play e confirmando sua vez \u00e9 final (voc\u00ea pode definir o jogo confirmam on \/ off na se\u00e7\u00e3o Configura\u00e7\u00f5es).<br \/>\nUse o bot\u00e3o shuffle para misturar as cartas.<br \/>\nPasse sua vez tocando no bot\u00e3o pass (\/). Quando uma carta \u00e9 colocada no bot\u00e3o shuffle se transforma em um bot\u00e3o clear (x) para ter de volta suas cartas para a bandeja.<br \/>\nAo tocar no bot\u00e3o de mais (&#8230;) voc\u00ea pode personalizar o seu tabuleiro de jogo, escolhendo sua cor favorita e voc\u00ea pode renunciar.<br \/>\nComece uma conversa com o bot\u00e3o de chat.<br \/>\nVoc\u00ea pode ver um resumo do jogo tocando no placar no topo da tela.<\/p>\n<p>O principal de navega\u00e7\u00e3o<br \/>\nNa parte inferior da tela central, voc\u00ea encontra a navega\u00e7\u00e3o principal. Aqui voc\u00ea pode navegar para os jogos, amigos, estat\u00edsticas, configura\u00e7\u00f5es e informa\u00e7\u00f5es de se\u00e7\u00f5es.<\/p>\n<p>Amigos<br \/>\nD\u00e1-lhe acesso directo aos seus amigos WordCrex. Voc\u00ea pode pesquisar, adicionar, bloco (desbloque\u00e1-los utilizando o ecr\u00e3 &#8220;Usu\u00e1rios bloqueados&#8221; dispon\u00edvel no menu de configura\u00e7\u00f5es) e excluir seus amigos.<br \/>\nAl\u00e9m disso, voc\u00ea pode convidar amigos para um novo jogo.<br \/>\nToque no nome do seu amigo WordCrex com a sua for\u00e7a (n\u00famero de Crexes amarelo, o Crex \u00e9 um p\u00e1ssaro) abaixo para ver suas estat\u00edsticas amigos.<\/p>\n<p>estat\u00edstica<br \/>\nVoc\u00ea tem um monte de estat\u00edsticas livres como maior de palavras e pontua\u00e7\u00e3o mais alta para melhorar e comparar. Vit\u00f3rias, derrotas e empates s\u00e3o usados \u200b\u200bpara determinar a sua for\u00e7a indicada pelo n\u00famero de Crexes.<\/p>\n<p>Configura\u00e7\u00f5es<br \/>\nAqui voc\u00ea pode alterar os detalhes da conta. Nome de usu\u00e1rio, e-mail, senha e imagem est\u00e3o dispon\u00edveis para a mudan\u00e7a, digitando novos nas caixas que aparecem e selecionar fotos existentes no seu telefone.<br \/>\nVoc\u00ea tamb\u00e9m pode definir o idioma padr\u00e3o, isto ir\u00e1 definir cada novo jogo no idioma escolhido aqui, voc\u00ea pode mudar este por jogo na se\u00e7\u00e3o &#8220;Criar um jogo de&#8221; tela.<br \/>\nConfirmar jogo ligado d\u00e1-lhe uma janela de confirma\u00e7\u00e3o ap\u00f3s cada turno.<br \/>\nSe voc\u00ea quiser se livrar dos an\u00fancios toque na &#8211; Remova os an\u00fancios &#8211; bot\u00e3o (servi\u00e7o pago).<br \/>\nToque no bot\u00e3o &#8211; para abrir a tela &#8220;Usu\u00e1rios bloqueados&#8221;, que d\u00e1 uma vis\u00e3o geral de seus usu\u00e1rios bloqueados &#8211; usu\u00e1rios bloqueado. Desbloquear jogadores tocando o bot\u00e3o &#8211; ao lado do nome do jogador &#8211; desbloquear.<br \/>\nSair com a sua conta corrente tocando no &#8211; Sair &#8211; bot\u00e3o.<\/p>\n<p>informa\u00e7\u00f5es<br \/>\nAqui poder\u00e1 encontrar as regras do jogo, manuais, alguns documentos e outras informa\u00e7\u00f5es \u00fateis sobre WordCrex o jogo palavra justa.<br \/>\n\u00c9 isso a\u00ed. Divirta-se e se voc\u00ea tiver d\u00favidas ou precisar de mais informa\u00e7\u00f5es consulte o nosso site www.wordcrex.com.<\/p>\n<p><em>Nota: Tradu\u00e7\u00e3o do texto com a ajuda do Google.<\/em><\/p>\n<p><\/p>","protected":false},"excerpt":{"rendered":"<p>(Press the flag above for your translations). WordCrex o jogo palavra justa \u00e9 constru\u00eddo para ser t\u00e3o f\u00e1cil de usar quanto poss\u00edvel. Para sua conveni\u00eancia, n\u00f3s adicionamos este manual para ter certeza de que voc\u00ea tome a vantagem cheia de todas as op\u00e7\u00f5es dispon\u00edveis no aplicativo. A tela de login Fa\u00e7a login com seu nome de usu\u00e1rio e senha ou conta no Facebook. Para criar uma conta WordCrex basta tocar no &#8211; Criar uma conta &#8211; bot\u00e3o e escolher um nome de usu\u00e1rio e senha e preencher o seu endere\u00e7o de e-mail. Caso se tenha esquecido nome de usu\u00e1rio e <\/p>\n","protected":false},"author":1,"featured_media":52,"parent":0,"menu_order":0,"comment_status":"closed","ping_status":"closed","template":"page-parallax.php","meta":{"footnotes":""},"aioseo_notices":[],"_links":{"self":[{"href":"https:\/\/www.wordcrex.com\/pt\/wp-json\/wp\/v2\/pages\/32"}],"collection":[{"href":"https:\/\/www.wordcrex.com\/pt\/wp-json\/wp\/v2\/pages"}],"about":[{"href":"https:\/\/www.wordcrex.com\/pt\/wp-json\/wp\/v2\/types\/page"}],"author":[{"embeddable":true,"href":"https:\/\/www.wordcrex.com\/pt\/wp-json\/wp\/v2\/users\/1"}],"replies":[{"embeddable":true,"href":"https:\/\/www.wordcrex.com\/pt\/wp-json\/wp\/v2\/comments?post=32"}],"version-history":[{"count":136,"href":"https:\/\/www.wordcrex.com\/pt\/wp-json\/wp\/v2\/pages\/32\/revisions"}],"predecessor-version":[{"id":1282,"href":"https:\/\/www.wordcrex.com\/pt\/wp-json\/wp\/v2\/pages\/32\/revisions\/1282"}],"wp:featuredmedia":[{"embeddable":true,"href":"https:\/\/www.wordcrex.com\/pt\/wp-json\/wp\/v2\/media\/52"}],"wp:attachment":[{"href":"https:\/\/www.wordcrex.com\/pt\/wp-json\/wp\/v2\/media?parent=32"}],"curies":[{"name":"wp","href":"https:\/\/api.w.org\/{rel}","templated":true}]}}